{"id":1920,"date":"2023-10-06T17:04:43","date_gmt":"2023-10-06T17:04:43","guid":{"rendered":"https:\/\/cabanadeportiva.com\/?post_type=product&#038;p=1920"},"modified":"2023-10-06T17:08:12","modified_gmt":"2023-10-06T17:08:12","slug":"kit-boxeo-para-ninos-copia-2","status":"publish","type":"product","link":"https:\/\/cabanadeportiva.com\/?product=kit-boxeo-para-ninos-copia-2","title":{"rendered":"Kit boxeo para ni\u00f1os"},"content":{"rendered":"<p>Equipo de entrenamiento de boxeo perfecto para ni\u00f1os El kit de boxeo viene con instrucciones completas para que sea f\u00e1cil de instalar.Hecho de piel sint\u00e9tica no t\u00f3xica y resistente.<\/p>\n","protected":false},"excerpt":{"rendered":"<p>Equipo de entrenamiento de boxeo perfecto para ni\u00f1os El kit de boxeo viene con instrucciones completas para que sea f\u00e1cil de instalar.Hecho de piel sint\u00e9tica no t\u00f3xica y resistente.<\/p>\n","protected":false},"featured_media":1921,"comment_status":"open","ping_status":"closed","template":"","meta":[],"product_brand":[],"product_cat":[76,78,79],"product_tag":[],"class_list":{"0":"post-1920","1":"product","2":"type-product","3":"status-publish","4":"has-post-thumbnail","6":"product_cat-boxeo","7":"product_cat-guantes-boxeo","8":"product_cat-saco","10":"first","11":"instock","12":"sale","13":"shipping-taxable","14":"purchasable","15":"product-type-simple"},"_links":{"self":[{"href":"https:\/\/cabanadeportiva.com\/index.php?rest_route=\/wp\/v2\/product\/1920","targetHints":{"allow":["GET"]}}],"collection":[{"href":"https:\/\/cabanadeportiva.com\/index.php?rest_route=\/wp\/v2\/product"}],"about":[{"href":"https:\/\/cabanadeportiva.com\/index.php?rest_route=\/wp\/v2\/types\/product"}],"replies":[{"embeddable":true,"href":"https:\/\/cabanadeportiva.com\/index.php?rest_route=%2Fwp%2Fv2%2Fcomments&post=1920"}],"wp:featuredmedia":[{"embeddable":true,"href":"https:\/\/cabanadeportiva.com\/index.php?rest_route=\/wp\/v2\/media\/1921"}],"wp:attachment":[{"href":"https:\/\/cabanadeportiva.com\/index.php?rest_route=%2Fwp%2Fv2%2Fmedia&parent=1920"}],"wp:term":[{"taxonomy":"product_brand","embeddable":true,"href":"https:\/\/cabanadeportiva.com\/index.php?rest_route=%2Fwp%2Fv2%2Fproduct_brand&post=1920"},{"taxonomy":"product_cat","embeddable":true,"href":"https:\/\/cabanadeportiva.com\/index.php?rest_route=%2Fwp%2Fv2%2Fproduct_cat&post=1920"},{"taxonomy":"product_tag","embeddable":true,"href":"https:\/\/cabanadeportiva.com\/index.php?rest_route=%2Fwp%2Fv2%2Fproduct_tag&post=1920"}],"curies":[{"name":"wp","href":"https:\/\/api.w.org\/{rel}","templated":true}]}}