{"id":1922,"date":"2023-10-06T17:08:30","date_gmt":"2023-10-06T17:08:30","guid":{"rendered":"https:\/\/cabanadeportiva.com\/?post_type=product&#038;p=1922"},"modified":"2025-03-25T11:49:00","modified_gmt":"2025-03-25T16:49:00","slug":"peras-para-boxeo-dobles","status":"publish","type":"product","link":"https:\/\/cabanadeportiva.com\/?product=peras-para-boxeo-dobles","title":{"rendered":"PERAS PARA BOXEO DOBLES"},"content":{"rendered":"<div class=\"section-page-item\">\n<div class=\"row content1\">\n<div class=\"producto\">\n<div class=\"column xlarge-10 large-10 medium-24 col-description\">\n<div class=\"row\">\n<div class=\"column large-24 medium-24 small-24\">\n<div class=\"row precios\">\n<div class=\"column large-24 medium-12 small-24\">\n<div class=\"column large-24 medium-24\">\n<div class=\"sku\"><\/div>\n<\/div>\n<\/div>\n<\/div>\n<\/div>\n<\/div>\n<\/div>\n<\/div>\n<\/div>\n<div class=\"tabs\">\n<div class=\"row\">\n<div class=\"column large-24 medium-24 small-24\">\n<div class=\"tabs-content\">\n<div id=\"panel1\" class=\"content active content-tabs\">\n<div class=\"panel1 marco-descripcion\">\n<p>La\u00a0pera doble anclaje\u00a0fortalece capacidades motrices como la velocidad, coordinaci\u00f3n y reflejos, est\u00e1 fabricado con cuero sint\u00e9tico y gas presurizado lo que garantiza su durabilidad, los deportistas que practican boxeo o artes marciales podr\u00e1n trasportar la pera fija f\u00e1cilmente.<\/p>\n<p><strong>Especificacio<\/strong><strong>nes<\/strong><strong>:}}}<\/strong><\/p>\n<p>Marca:\u00a0Legion Equipment<\/p>\n<p>Colores: Amarillo con Negro, Azul con Negro,Rojo Negro<\/p>\n<p>Composici\u00f3n: 100% Poli algod\u00f3n<\/p>\n<p>Medidas producto: 33 cmr x 18 cmr x 8 cmr<\/p>\n<p>Peso bruto: 196 gr<\/p>\n<\/div>\n<\/div>\n<\/div>\n<\/div>\n<\/div>\n<\/div>\n<\/div>\n<div class=\"footer\">\n<div class=\"links-chat-call right show-for-large-up\">\n<div class=\"calificacion-comentarios\">\n<div class=\"calificacion-general-estrellas\">\n<div class=\"ratebox2 raterater-wrapper\" data-custom-image=\"1\" data-style=\"calificacion-small\" data-type=\"star\" data-id=\"8\" data-rating=\"4.8\">\n<div class=\"raterater-layer raterater-outline-layer\"><\/div>\n<div class=\"raterater-layer raterater-cover-layer\"><\/div>\n<\/div>\n<\/div>\n<\/div>\n<\/div>\n<div class=\"dialog-box\"><\/div>\n<\/div>\n<div class=\"zoomContainer\">\n<div class=\"zoomWindowContainer\"><\/div>\n<\/div>\n","protected":false},"excerpt":{"rendered":"<p>La\u00a0pera doble anclaje\u00a0fortalece capacidades motrices como la velocidad, coordinaci\u00f3n y reflejos, est\u00e1 fabricado con cuero sint\u00e9tico y gas presurizado lo que garantiza su durabilidad, los deportistas que practican boxeo o artes marciales podr\u00e1n trasportar la pera fija f\u00e1cilmente. Especificaciones:}}} Marca:\u00a0Legion Equipment Colores: Amarillo con Negro, Azul con Negro,Rojo Negro Composici\u00f3n: 100% Poli algod\u00f3n Medidas producto:<\/p>\n<p class=\"link-more\"><a href=\"https:\/\/cabanadeportiva.com\/?product=peras-para-boxeo-dobles\" class=\"more-link\"><span>Leer M\u00e1s<\/span><span class=\"meta-nav\">&#8594;<\/span><\/a><\/p>\n","protected":false},"featured_media":1991,"comment_status":"open","ping_status":"closed","template":"","meta":[],"product_brand":[],"product_cat":[76,82],"product_tag":[],"class_list":{"0":"post-1922","1":"product","2":"type-product","3":"status-publish","4":"has-post-thumbnail","6":"product_cat-boxeo","7":"product_cat-golpeadores","9":"first","10":"instock","11":"sale","12":"shipping-taxable","13":"purchasable","14":"product-type-simple"},"_links":{"self":[{"href":"https:\/\/cabanadeportiva.com\/index.php?rest_route=\/wp\/v2\/product\/1922","targetHints":{"allow":["GET"]}}],"collection":[{"href":"https:\/\/cabanadeportiva.com\/index.php?rest_route=\/wp\/v2\/product"}],"about":[{"href":"https:\/\/cabanadeportiva.com\/index.php?rest_route=\/wp\/v2\/types\/product"}],"replies":[{"embeddable":true,"href":"https:\/\/cabanadeportiva.com\/index.php?rest_route=%2Fwp%2Fv2%2Fcomments&post=1922"}],"wp:featuredmedia":[{"embeddable":true,"href":"https:\/\/cabanadeportiva.com\/index.php?rest_route=\/wp\/v2\/media\/1991"}],"wp:attachment":[{"href":"https:\/\/cabanadeportiva.com\/index.php?rest_route=%2Fwp%2Fv2%2Fmedia&parent=1922"}],"wp:term":[{"taxonomy":"product_brand","embeddable":true,"href":"https:\/\/cabanadeportiva.com\/index.php?rest_route=%2Fwp%2Fv2%2Fproduct_brand&post=1922"},{"taxonomy":"product_cat","embeddable":true,"href":"https:\/\/cabanadeportiva.com\/index.php?rest_route=%2Fwp%2Fv2%2Fproduct_cat&post=1922"},{"taxonomy":"product_tag","embeddable":true,"href":"https:\/\/cabanadeportiva.com\/index.php?rest_route=%2Fwp%2Fv2%2Fproduct_tag&post=1922"}],"curies":[{"name":"wp","href":"https:\/\/api.w.org\/{rel}","templated":true}]}}