{"id":2059,"date":"2023-10-09T20:22:02","date_gmt":"2023-10-09T20:22:02","guid":{"rendered":"https:\/\/cabanadeportiva.com\/?post_type=product&#038;p=2059"},"modified":"2023-10-09T20:30:20","modified_gmt":"2023-10-09T20:30:20","slug":"raquetas-de-badminton-kit-x2","status":"publish","type":"product","link":"https:\/\/cabanadeportiva.com\/?product=raquetas-de-badminton-kit-x2","title":{"rendered":"RAQUETAS DE BADMINTON KIT X2"},"content":{"rendered":"<p><a class=\"sh-anchor\" href=\"https:\/\/www.bing.com\/ck\/a?!&amp;&amp;p=6aacc7564b62f8aaJmltdHM9MTY5NjgwOTYwMCZpZ3VpZD0wMDFhOTdhOC0yYjY3LTZlNDEtMjI4OS04NTg0MmFjODZmN2YmaW5zaWQ9NTgwNg&amp;ptn=3&amp;hsh=3&amp;fclid=001a97a8-2b67-6e41-2289-85842ac86f7f&amp;psq=DESCRIPCION+DE+RAQUETAS+DE+BADMINTON&amp;u=a1aHR0cHM6Ly93d3cuZWN1cmVkLmN1L1JhcXVldGFfZGVfQiUyNUMzJTI1QTFkbWludG9u&amp;ntb=1\" target=\"_blank\" rel=\"noopener\" data-tg-citations=\"1;2\" data-tgpsgid=\"d_anstgsen0\">La raqueta de b\u00e1dminton es muy ligera y consta de varias partes<\/a><\/p>\n<ul class=\"b_vList b_divsec b_bullet\">\n<li data-priority=\"\">Cabeza: parte superior de la raqueta que contiene el cordaje.<\/li>\n<li data-priority=\"\">T, cruceta o garganta: parte de la raqueta donde confluyen la cabeza y la varilla.<\/li>\n<li data-priority=\"\">Varilla: palo que une el mango con la cabeza.<\/li>\n<li data-priority=\"\">Mango o empu\u00f1adura: parte inferior de la raqueta y punto de agarre para realizar los distintos movimientos, as\u00ed como la ejecuci\u00f3n del golpe durante el juego.<\/li>\n<\/ul>\n<p><a class=\"sh-anchor\" href=\"https:\/\/www.bing.com\/ck\/a?!&amp;&amp;p=6cdf4da02e10cffbJmltdHM9MTY5NjgwOTYwMCZpZ3VpZD0wMDFhOTdhOC0yYjY3LTZlNDEtMjI4OS04NTg0MmFjODZmN2YmaW5zaWQ9NTgwOQ&amp;ptn=3&amp;hsh=3&amp;fclid=001a97a8-2b67-6e41-2289-85842ac86f7f&amp;psq=DESCRIPCION+DE+RAQUETAS+DE+BADMINTON&amp;u=a1aHR0cHM6Ly93d3cudG9kb2JhZG1pbnRvbi50b3AvdmVudGEvcmFxdWV0YXMv&amp;ntb=1\" target=\"_blank\" rel=\"noopener\" data-tg-citations=\"3\" data-tgpsgid=\"d_anstgsen1\">En las tiendas de b\u00e1dminton se pueden encontrar una amplia selecci\u00f3n de raquetas de b\u00e1dminton para jugadores de todos los niveles<\/a><\/p>\n","protected":false},"excerpt":{"rendered":"<p>La raqueta de b\u00e1dminton es muy ligera y consta de varias partes Cabeza: parte superior de la raqueta que contiene el cordaje. T, cruceta o garganta: parte de la raqueta donde confluyen la cabeza y la varilla. Varilla: palo que une el mango con la cabeza. Mango o empu\u00f1adura: parte inferior de la raqueta y<\/p>\n<p class=\"link-more\"><a href=\"https:\/\/cabanadeportiva.com\/?product=raquetas-de-badminton-kit-x2\" class=\"more-link\"><span>Leer M\u00e1s<\/span><span class=\"meta-nav\">&#8594;<\/span><\/a><\/p>\n","protected":false},"featured_media":2060,"comment_status":"open","ping_status":"closed","template":"","meta":[],"product_brand":[],"product_cat":[65,57],"product_tag":[],"class_list":{"0":"post-2059","1":"product","2":"type-product","3":"status-publish","4":"has-post-thumbnail","6":"product_cat-balminton","7":"product_cat-deportes","8":"yith_product_brand-sport-fitness","10":"first","11":"instock","12":"sale","13":"shipping-taxable","14":"purchasable","15":"product-type-simple"},"_links":{"self":[{"href":"https:\/\/cabanadeportiva.com\/index.php?rest_route=\/wp\/v2\/product\/2059","targetHints":{"allow":["GET"]}}],"collection":[{"href":"https:\/\/cabanadeportiva.com\/index.php?rest_route=\/wp\/v2\/product"}],"about":[{"href":"https:\/\/cabanadeportiva.com\/index.php?rest_route=\/wp\/v2\/types\/product"}],"replies":[{"embeddable":true,"href":"https:\/\/cabanadeportiva.com\/index.php?rest_route=%2Fwp%2Fv2%2Fcomments&post=2059"}],"wp:featuredmedia":[{"embeddable":true,"href":"https:\/\/cabanadeportiva.com\/index.php?rest_route=\/wp\/v2\/media\/2060"}],"wp:attachment":[{"href":"https:\/\/cabanadeportiva.com\/index.php?rest_route=%2Fwp%2Fv2%2Fmedia&parent=2059"}],"wp:term":[{"taxonomy":"product_brand","embeddable":true,"href":"https:\/\/cabanadeportiva.com\/index.php?rest_route=%2Fwp%2Fv2%2Fproduct_brand&post=2059"},{"taxonomy":"product_cat","embeddable":true,"href":"https:\/\/cabanadeportiva.com\/index.php?rest_route=%2Fwp%2Fv2%2Fproduct_cat&post=2059"},{"taxonomy":"product_tag","embeddable":true,"href":"https:\/\/cabanadeportiva.com\/index.php?rest_route=%2Fwp%2Fv2%2Fproduct_tag&post=2059"}],"curies":[{"name":"wp","href":"https:\/\/api.w.org\/{rel}","templated":true}]}}