{"id":2072,"date":"2023-10-10T16:10:41","date_gmt":"2023-10-10T16:10:41","guid":{"rendered":"https:\/\/cabanadeportiva.com\/?post_type=product&#038;p=2072"},"modified":"2023-10-10T17:39:42","modified_gmt":"2023-10-10T17:39:42","slug":"bucal-doble","status":"publish","type":"product","link":"https:\/\/cabanadeportiva.com\/?product=bucal-doble","title":{"rendered":"BUCAL DOBLE"},"content":{"rendered":"<p>Los\u00a0<strong>protectores bucales<\/strong>\u00a0ayudan a prevenir diversas lesiones como cortes en la lengua, labios, da\u00f1o o perdida de dientes, fractura de mand\u00edbula, etc. El bucal simple es m\u00e1s c\u00f3modo pero el doble protege m\u00e1s. Aqu\u00ed te brindaremos los beneficios y contras de cada bucal y as\u00ed podr\u00e1s tomar una mejor decisi\u00f3n.<\/p>\n","protected":false},"excerpt":{"rendered":"<p>Los\u00a0protectores bucales\u00a0ayudan a prevenir diversas lesiones como cortes en la lengua, labios, da\u00f1o o perdida de dientes, fractura de mand\u00edbula, etc. El bucal simple es m\u00e1s c\u00f3modo pero el doble protege m\u00e1s. Aqu\u00ed te brindaremos los beneficios y contras de cada bucal y as\u00ed podr\u00e1s tomar una mejor decisi\u00f3n.<\/p>\n","protected":false},"featured_media":2073,"comment_status":"open","ping_status":"closed","template":"","meta":[],"product_brand":[],"product_cat":[76,103],"product_tag":[],"class_list":{"0":"post-2072","1":"product","2":"type-product","3":"status-publish","4":"has-post-thumbnail","6":"product_cat-boxeo","7":"product_cat-bucales","8":"yith_product_brand-fit","10":"first","11":"instock","12":"sale","13":"shipping-taxable","14":"purchasable","15":"product-type-simple"},"_links":{"self":[{"href":"https:\/\/cabanadeportiva.com\/index.php?rest_route=\/wp\/v2\/product\/2072","targetHints":{"allow":["GET"]}}],"collection":[{"href":"https:\/\/cabanadeportiva.com\/index.php?rest_route=\/wp\/v2\/product"}],"about":[{"href":"https:\/\/cabanadeportiva.com\/index.php?rest_route=\/wp\/v2\/types\/product"}],"replies":[{"embeddable":true,"href":"https:\/\/cabanadeportiva.com\/index.php?rest_route=%2Fwp%2Fv2%2Fcomments&post=2072"}],"wp:featuredmedia":[{"embeddable":true,"href":"https:\/\/cabanadeportiva.com\/index.php?rest_route=\/wp\/v2\/media\/2073"}],"wp:attachment":[{"href":"https:\/\/cabanadeportiva.com\/index.php?rest_route=%2Fwp%2Fv2%2Fmedia&parent=2072"}],"wp:term":[{"taxonomy":"product_brand","embeddable":true,"href":"https:\/\/cabanadeportiva.com\/index.php?rest_route=%2Fwp%2Fv2%2Fproduct_brand&post=2072"},{"taxonomy":"product_cat","embeddable":true,"href":"https:\/\/cabanadeportiva.com\/index.php?rest_route=%2Fwp%2Fv2%2Fproduct_cat&post=2072"},{"taxonomy":"product_tag","embeddable":true,"href":"https:\/\/cabanadeportiva.com\/index.php?rest_route=%2Fwp%2Fv2%2Fproduct_tag&post=2072"}],"curies":[{"name":"wp","href":"https:\/\/api.w.org\/{rel}","templated":true}]}}