{"id":2076,"date":"2023-10-10T17:44:17","date_gmt":"2023-10-10T17:44:17","guid":{"rendered":"https:\/\/cabanadeportiva.com\/?post_type=product&#038;p=2076"},"modified":"2023-10-10T17:46:14","modified_gmt":"2023-10-10T17:46:14","slug":"salvavidas-pequeno-2","status":"publish","type":"product","link":"https:\/\/cabanadeportiva.com\/?product=salvavidas-pequeno-2","title":{"rendered":"SALVAVIDAS PEQUE\u00d1O"},"content":{"rendered":"<p><a class=\"sh-anchor\" href=\"https:\/\/www.bing.com\/ck\/a?!&amp;&amp;p=02531ea0ad557773JmltdHM9MTY5Njg5NjAwMCZpZ3VpZD0wMDFhOTdhOC0yYjY3LTZlNDEtMjI4OS04NTg0MmFjODZmN2YmaW5zaWQ9NTc4NA&amp;ptn=3&amp;hsh=3&amp;fclid=001a97a8-2b67-6e41-2289-85842ac86f7f&amp;psq=DESCRIPCION+DE+CHALECO+SALVAVIDAS&amp;u=a1aHR0cHM6Ly93d3cueG4tLWNhcmFjdGVyc3RpY2FzLTdsYi5jb20vY2FyYWN0ZXJpc3RpY2FzLWRlLWxvcy1jaGFsZWNvcy1zYWx2YXZpZGFzLw&amp;ntb=1\" target=\"_blank\" rel=\"noopener\" data-tg-citations=\"1;2;3;4\" data-tgpsgid=\"d_anstgsen0\"><strong>Las caracter\u00edsticas de un chaleco salvavidas son<\/strong><\/a><\/p>\n<ul class=\"b_vList b_divsec b_bullet\">\n<li data-priority=\"\"><a class=\"sh-anchor\" href=\"https:\/\/www.bing.com\/ck\/a?!&amp;&amp;p=275e02705f7ecd8bJmltdHM9MTY5Njg5NjAwMCZpZ3VpZD0wMDFhOTdhOC0yYjY3LTZlNDEtMjI4OS04NTg0MmFjODZmN2YmaW5zaWQ9NTc4OQ&amp;ptn=3&amp;hsh=3&amp;fclid=001a97a8-2b67-6e41-2289-85842ac86f7f&amp;psq=DESCRIPCION+DE+CHALECO+SALVAVIDAS&amp;u=a1aHR0cHM6Ly93d3cueG4tLWNhcmFjdGVyc3RpY2FzLTdsYi5jb20vY2FyYWN0ZXJpc3RpY2FzLWRlLWxvcy1jaGFsZWNvcy1zYWx2YXZpZGFzLw&amp;ntb=1\" target=\"_blank\" rel=\"noopener\" data-tg-citations=\"1;2\" data-tgpsgid=\"d_anstgsen1\">Tener la capacidad de colocar a una persona inconsciente boca arriba en el agua<\/a><\/li>\n<li data-priority=\"\"><a class=\"sh-anchor\" href=\"https:\/\/www.bing.com\/ck\/a?!&amp;&amp;p=03a7916147895d85JmltdHM9MTY5Njg5NjAwMCZpZ3VpZD0wMDFhOTdhOC0yYjY3LTZlNDEtMjI4OS04NTg0MmFjODZmN2YmaW5zaWQ9NTc5Mg&amp;ptn=3&amp;hsh=3&amp;fclid=001a97a8-2b67-6e41-2289-85842ac86f7f&amp;psq=DESCRIPCION+DE+CHALECO+SALVAVIDAS&amp;u=a1aHR0cHM6Ly93d3cueG4tLWNhcmFjdGVyc3RpY2FzLTdsYi5jb20vY2FyYWN0ZXJpc3RpY2FzLWRlLWxvcy1jaGFsZWNvcy1zYWx2YXZpZGFzLw&amp;ntb=1\" target=\"_blank\" rel=\"noopener\" data-tg-citations=\"1\" data-tgpsgid=\"d_anstgsen2\">Ser ajustables a diferentes pesos y tallas<\/a><a class=\"ac-anchor sup-target\" href=\"https:\/\/www.bing.com\/ck\/a?!&amp;&amp;p=fdf245eb1476dcbbJmltdHM9MTY5Njg5NjAwMCZpZ3VpZD0wMDFhOTdhOC0yYjY3LTZlNDEtMjI4OS04NTg0MmFjODZmN2YmaW5zaWQ9NTc5Mw&amp;ptn=3&amp;hsh=3&amp;fclid=001a97a8-2b67-6e41-2289-85842ac86f7f&amp;psq=DESCRIPCION+DE+CHALECO+SALVAVIDAS&amp;u=a1aHR0cHM6Ly93d3cueG4tLWNhcmFjdGVyc3RpY2FzLTdsYi5jb20vY2FyYWN0ZXJpc3RpY2FzLWRlLWxvcy1jaGFsZWNvcy1zYWx2YXZpZGFzLw&amp;ntb=1\" target=\"_blank\" rel=\"noopener\" data-tgpsgid=\"d_anstgpsg1\"><sup>1<\/sup><\/a>.<\/li>\n<li data-priority=\"\"><a class=\"sh-anchor\" href=\"https:\/\/www.bing.com\/ck\/a?!&amp;&amp;p=329fdec9d5f2a935JmltdHM9MTY5Njg5NjAwMCZpZ3VpZD0wMDFhOTdhOC0yYjY3LTZlNDEtMjI4OS04NTg0MmFjODZmN2YmaW5zaWQ9NTc5NA&amp;ptn=3&amp;hsh=3&amp;fclid=001a97a8-2b67-6e41-2289-85842ac86f7f&amp;psq=DESCRIPCION+DE+CHALECO+SALVAVIDAS&amp;u=a1aHR0cHM6Ly93d3cuZGVjYXRobG9uLmVzL2VzL2Jyb3dzZS9jMC1kZXBvcnRlcy9jMS12ZWxhLW5hdXRpY2EvYzItY2hhbGVjb3Mtc2FsdmF2aWRhcy9fL04taGZjcWpy&amp;ntb=1\" target=\"_blank\" rel=\"noopener\" data-tg-citations=\"2\" data-tgpsgid=\"d_anstgsen3\">Tener mayor flotaci\u00f3n y visibilidad que otros chalecos de ayuda a la flotaci\u00f3n<\/a><\/li>\n<li data-priority=\"\"><a class=\"sh-anchor\" href=\"https:\/\/www.bing.com\/ck\/a?!&amp;&amp;p=32c6c77d019e7ad4JmltdHM9MTY5Njg5NjAwMCZpZ3VpZD0wMDFhOTdhOC0yYjY3LTZlNDEtMjI4OS04NTg0MmFjODZmN2YmaW5zaWQ9NTc5Ng&amp;ptn=3&amp;hsh=3&amp;fclid=001a97a8-2b67-6e41-2289-85842ac86f7f&amp;psq=DESCRIPCION+DE+CHALECO+SALVAVIDAS&amp;u=a1aHR0cHM6Ly9qeXJzYS5jb20vcHJvZHVjdG9zL2NoYWxlY28tc2FsdmF2aWRhcy10aXBvLXYtZGUtdHJhYmFqbw&amp;ntb=1\" target=\"_blank\" rel=\"noopener\" data-tg-citations=\"3\" data-tgpsgid=\"d_anstgsen4\">Tener un revestimiento resistente a diferentes agentes qu\u00edmicos, f\u00edsicos y biol\u00f3gicos<\/a><\/li>\n<li data-priority=\"\"><a class=\"sh-anchor\" href=\"https:\/\/www.bing.com\/ck\/a?!&amp;&amp;p=db27088a6f34789bJmltdHM9MTY5Njg5NjAwMCZpZ3VpZD0wMDFhOTdhOC0yYjY3LTZlNDEtMjI4OS04NTg0MmFjODZmN2YmaW5zaWQ9NTc5OA&amp;ptn=3&amp;hsh=3&amp;fclid=001a97a8-2b67-6e41-2289-85842ac86f7f&amp;psq=DESCRIPCION+DE+CHALECO+SALVAVIDAS&amp;u=a1aHR0cHM6Ly9mcmVlZGVwb3J0ZXMuY29tL2NoYWxlY28tc2FsdmF2aWRhcy9ndWlhcy1kZS1zZWd1cmlkYWQvZ3VpYS1kZS01LXBhc29zLXNvYnJlLWNvbW8tZWxlZ2lyLXVuLWNoYWxlY28tc2FsdmF2aWRhcy8&amp;ntb=1\" target=\"_blank\" rel=\"noopener\" data-tg-citations=\"4\" data-tgpsgid=\"d_anstgsen5\">Tener bolsillos, colores brillantes y silbato para facilitar el transporte de equipo y la se\u00f1alizaci\u00f3n de emergencia<\/a><\/li>\n<\/ul>\n","protected":false},"excerpt":{"rendered":"<p>Las caracter\u00edsticas de un chaleco salvavidas son Tener la capacidad de colocar a una persona inconsciente boca arriba en el agua Ser ajustables a diferentes pesos y tallas1. Tener mayor flotaci\u00f3n y visibilidad que otros chalecos de ayuda a la flotaci\u00f3n Tener un revestimiento resistente a diferentes agentes qu\u00edmicos, f\u00edsicos y biol\u00f3gicos Tener bolsillos, colores<\/p>\n<p class=\"link-more\"><a href=\"https:\/\/cabanadeportiva.com\/?product=salvavidas-pequeno-2\" class=\"more-link\"><span>Leer M\u00e1s<\/span><span class=\"meta-nav\">&#8594;<\/span><\/a><\/p>\n","protected":false},"featured_media":2077,"comment_status":"open","ping_status":"closed","template":"","meta":[],"product_brand":[],"product_cat":[57,61],"product_tag":[],"class_list":{"0":"post-2076","1":"product","2":"type-product","3":"status-publish","4":"has-post-thumbnail","6":"product_cat-deportes","7":"product_cat-natacion","8":"yith_product_brand-fit","10":"first","11":"instock","12":"sale","13":"shipping-taxable","14":"purchasable","15":"product-type-simple"},"_links":{"self":[{"href":"https:\/\/cabanadeportiva.com\/index.php?rest_route=\/wp\/v2\/product\/2076","targetHints":{"allow":["GET"]}}],"collection":[{"href":"https:\/\/cabanadeportiva.com\/index.php?rest_route=\/wp\/v2\/product"}],"about":[{"href":"https:\/\/cabanadeportiva.com\/index.php?rest_route=\/wp\/v2\/types\/product"}],"replies":[{"embeddable":true,"href":"https:\/\/cabanadeportiva.com\/index.php?rest_route=%2Fwp%2Fv2%2Fcomments&post=2076"}],"wp:featuredmedia":[{"embeddable":true,"href":"https:\/\/cabanadeportiva.com\/index.php?rest_route=\/wp\/v2\/media\/2077"}],"wp:attachment":[{"href":"https:\/\/cabanadeportiva.com\/index.php?rest_route=%2Fwp%2Fv2%2Fmedia&parent=2076"}],"wp:term":[{"taxonomy":"product_brand","embeddable":true,"href":"https:\/\/cabanadeportiva.com\/index.php?rest_route=%2Fwp%2Fv2%2Fproduct_brand&post=2076"},{"taxonomy":"product_cat","embeddable":true,"href":"https:\/\/cabanadeportiva.com\/index.php?rest_route=%2Fwp%2Fv2%2Fproduct_cat&post=2076"},{"taxonomy":"product_tag","embeddable":true,"href":"https:\/\/cabanadeportiva.com\/index.php?rest_route=%2Fwp%2Fv2%2Fproduct_tag&post=2076"}],"curies":[{"name":"wp","href":"https:\/\/api.w.org\/{rel}","templated":true}]}}