{"id":2089,"date":"2023-10-11T15:57:49","date_gmt":"2023-10-11T15:57:49","guid":{"rendered":"https:\/\/cabanadeportiva.com\/?post_type=product&#038;p=2089"},"modified":"2023-10-11T18:08:52","modified_gmt":"2023-10-11T18:08:52","slug":"rodillo-para-yoga","status":"publish","type":"product","link":"https:\/\/cabanadeportiva.com\/?product=rodillo-para-yoga","title":{"rendered":"RODILLO PARA YOGA"},"content":{"rendered":"<p>El Foam Roller\u00a0 Sportfitness es el aliado perfecto para tus sesiones de entrenamiento. Este rodillo de espuma de alta densidad te ayuda a mejorar tu flexibilidad, liberar tensiones musculares y reducir el dolor despu\u00e9s del ejercicio. Adem\u00e1s, su dise\u00f1o compacto y ligero lo hace f\u00e1cil de transportar y almacenar en cualquier lugar.<\/p>\n<ul>\n<li>Grabado profundo de 5\u201d x 13\u201d.<\/li>\n<li>Material: EVA (Etilvinilacetato) de alta intensidad.<\/li>\n<li>Medidas: Largo; 32.3 cm. Di\u00e1metro; 14 cm.<\/li>\n<li>Peso: 832<\/li>\n<\/ul>\n<div id=\"content_tab_description\" class=\"tab-content tab-description\">\n<div class=\"tab-content-inner\">\n<div class=\"tab-content-scroll\">\n<p>&nbsp;<\/p>\n<\/div>\n<\/div>\n<\/div>\n","protected":false},"excerpt":{"rendered":"<p>El Foam Roller\u00a0 Sportfitness es el aliado perfecto para tus sesiones de entrenamiento. Este rodillo de espuma de alta densidad te ayuda a mejorar tu flexibilidad, liberar tensiones musculares y reducir el dolor despu\u00e9s del ejercicio. Adem\u00e1s, su dise\u00f1o compacto y ligero lo hace f\u00e1cil de transportar y almacenar en cualquier lugar. Grabado profundo de<\/p>\n<p class=\"link-more\"><a href=\"https:\/\/cabanadeportiva.com\/?product=rodillo-para-yoga\" class=\"more-link\"><span>Leer M\u00e1s<\/span><span class=\"meta-nav\">&#8594;<\/span><\/a><\/p>\n","protected":false},"featured_media":2090,"comment_status":"open","ping_status":"closed","template":"","meta":[],"product_brand":[],"product_cat":[67],"product_tag":[],"class_list":{"0":"post-2089","1":"product","2":"type-product","3":"status-publish","4":"has-post-thumbnail","6":"product_cat-gym","8":"first","9":"instock","10":"sale","11":"shipping-taxable","12":"purchasable","13":"product-type-simple"},"_links":{"self":[{"href":"https:\/\/cabanadeportiva.com\/index.php?rest_route=\/wp\/v2\/product\/2089","targetHints":{"allow":["GET"]}}],"collection":[{"href":"https:\/\/cabanadeportiva.com\/index.php?rest_route=\/wp\/v2\/product"}],"about":[{"href":"https:\/\/cabanadeportiva.com\/index.php?rest_route=\/wp\/v2\/types\/product"}],"replies":[{"embeddable":true,"href":"https:\/\/cabanadeportiva.com\/index.php?rest_route=%2Fwp%2Fv2%2Fcomments&post=2089"}],"wp:featuredmedia":[{"embeddable":true,"href":"https:\/\/cabanadeportiva.com\/index.php?rest_route=\/wp\/v2\/media\/2090"}],"wp:attachment":[{"href":"https:\/\/cabanadeportiva.com\/index.php?rest_route=%2Fwp%2Fv2%2Fmedia&parent=2089"}],"wp:term":[{"taxonomy":"product_brand","embeddable":true,"href":"https:\/\/cabanadeportiva.com\/index.php?rest_route=%2Fwp%2Fv2%2Fproduct_brand&post=2089"},{"taxonomy":"product_cat","embeddable":true,"href":"https:\/\/cabanadeportiva.com\/index.php?rest_route=%2Fwp%2Fv2%2Fproduct_cat&post=2089"},{"taxonomy":"product_tag","embeddable":true,"href":"https:\/\/cabanadeportiva.com\/index.php?rest_route=%2Fwp%2Fv2%2Fproduct_tag&post=2089"}],"curies":[{"name":"wp","href":"https:\/\/api.w.org\/{rel}","templated":true}]}}