{"id":2105,"date":"2023-10-11T18:13:46","date_gmt":"2023-10-11T18:13:46","guid":{"rendered":"https:\/\/cabanadeportiva.com\/?post_type=product&#038;p=2105"},"modified":"2023-10-11T18:18:18","modified_gmt":"2023-10-11T18:18:18","slug":"snorquet-doble-valvula","status":"publish","type":"product","link":"https:\/\/cabanadeportiva.com\/?product=snorquet-doble-valvula","title":{"rendered":"SNORQUET DOBLE VALVULA"},"content":{"rendered":"<p>El Snorkel o (esn\u00f3rquel) es la pr\u00e1ctica de\u00a0<a href=\"https:\/\/deportesacuaticos.info\/buceo-deportes-acuaticos\/\">buceo<\/a>\u00a0a ras de agua, el atleta va equipado con una\u00a0<a href=\"https:\/\/deportesacuaticos.info\/mejores-mascaras-de-buceo\/\">m\u00e1scara de buceo<\/a>, un tubo llamado esn\u00f3rquel y normalmente aletas. En aguas fr\u00edas puede ser necesario el traje de buceo.<\/p>\n<p>El atractivo principal del esn\u00f3rquel es la oportunidad de\u00a0<a href=\"https:\/\/www.nationalgeographic.es\/viaje-y-aventuras\/2017\/07\/los-mejores-lugares-para-bucear-entre-tiburones-y-naufragios\" target=\"_blank\" rel=\"noopener\">observar la vida submarina<\/a>\u00a0en un entorno natural sin un equipo complicado y la formaci\u00f3n necesaria para el\u00a0<a href=\"https:\/\/deportesacuaticos.info\/buceo-deportes-acuaticos\/\">buceo<\/a>, durante largos periodos de tiempo con relativamente poco esfuerzo. El Snorkel es considerado m\u00e1s una actividad de ocio que un deporte.<\/p>\n","protected":false},"excerpt":{"rendered":"<p>El Snorkel o (esn\u00f3rquel) es la pr\u00e1ctica de\u00a0buceo\u00a0a ras de agua, el atleta va equipado con una\u00a0m\u00e1scara de buceo, un tubo llamado esn\u00f3rquel y normalmente aletas. En aguas fr\u00edas puede ser necesario el traje de buceo. El atractivo principal del esn\u00f3rquel es la oportunidad de\u00a0observar la vida submarina\u00a0en un entorno natural sin un equipo complicado<\/p>\n<p class=\"link-more\"><a href=\"https:\/\/cabanadeportiva.com\/?product=snorquet-doble-valvula\" class=\"more-link\"><span>Leer M\u00e1s<\/span><span class=\"meta-nav\">&#8594;<\/span><\/a><\/p>\n","protected":false},"featured_media":2106,"comment_status":"open","ping_status":"closed","template":"","meta":[],"product_brand":[],"product_cat":[57,61],"product_tag":[],"class_list":{"0":"post-2105","1":"product","2":"type-product","3":"status-publish","4":"has-post-thumbnail","6":"product_cat-deportes","7":"product_cat-natacion","8":"yith_product_brand-fit","10":"first","11":"instock","12":"sale","13":"shipping-taxable","14":"purchasable","15":"product-type-simple"},"_links":{"self":[{"href":"https:\/\/cabanadeportiva.com\/index.php?rest_route=\/wp\/v2\/product\/2105","targetHints":{"allow":["GET"]}}],"collection":[{"href":"https:\/\/cabanadeportiva.com\/index.php?rest_route=\/wp\/v2\/product"}],"about":[{"href":"https:\/\/cabanadeportiva.com\/index.php?rest_route=\/wp\/v2\/types\/product"}],"replies":[{"embeddable":true,"href":"https:\/\/cabanadeportiva.com\/index.php?rest_route=%2Fwp%2Fv2%2Fcomments&post=2105"}],"wp:featuredmedia":[{"embeddable":true,"href":"https:\/\/cabanadeportiva.com\/index.php?rest_route=\/wp\/v2\/media\/2106"}],"wp:attachment":[{"href":"https:\/\/cabanadeportiva.com\/index.php?rest_route=%2Fwp%2Fv2%2Fmedia&parent=2105"}],"wp:term":[{"taxonomy":"product_brand","embeddable":true,"href":"https:\/\/cabanadeportiva.com\/index.php?rest_route=%2Fwp%2Fv2%2Fproduct_brand&post=2105"},{"taxonomy":"product_cat","embeddable":true,"href":"https:\/\/cabanadeportiva.com\/index.php?rest_route=%2Fwp%2Fv2%2Fproduct_cat&post=2105"},{"taxonomy":"product_tag","embeddable":true,"href":"https:\/\/cabanadeportiva.com\/index.php?rest_route=%2Fwp%2Fv2%2Fproduct_tag&post=2105"}],"curies":[{"name":"wp","href":"https:\/\/api.w.org\/{rel}","templated":true}]}}