{"id":2115,"date":"2023-10-11T18:43:35","date_gmt":"2023-10-11T18:43:35","guid":{"rendered":"https:\/\/cabanadeportiva.com\/?post_type=product&#038;p=2115"},"modified":"2023-10-11T18:46:54","modified_gmt":"2023-10-11T18:46:54","slug":"aletas-cortas-para-natacion","status":"publish","type":"product","link":"https:\/\/cabanadeportiva.com\/?product=aletas-cortas-para-natacion","title":{"rendered":"ALETAS CORTAS PARA NATACION"},"content":{"rendered":"<p><a class=\"sh-anchor\" href=\"https:\/\/www.bing.com\/ck\/a?!&amp;&amp;p=5d5d807f0372fc10JmltdHM9MTY5Njk4MjQwMCZpZ3VpZD0wMDFhOTdhOC0yYjY3LTZlNDEtMjI4OS04NTg0MmFjODZmN2YmaW5zaWQ9NTY5NA&amp;ptn=3&amp;hsh=3&amp;fclid=001a97a8-2b67-6e41-2289-85842ac86f7f&amp;psq=ALETAS+PARA+NATACION+DESCRIPCION&amp;u=a1aHR0cDovL3d3dy5pLW5hdGFjaW9uLmNvbS9hcnRpY3Vsb3MvZXF1aXBhY2lvbi9hbGV0YXMyLmh0bWw&amp;ntb=1\" target=\"_blank\" rel=\"noopener\" data-tg-citations=\"1;2\" data-tgpsgid=\"d_anstgsen0\"><strong>Los diferentes tipos de aletas para nataci\u00f3n son<\/strong><\/a><a class=\"sup-target\" href=\"https:\/\/www.bing.com\/ck\/a?!&amp;&amp;p=020fff80db840738JmltdHM9MTY5Njk4MjQwMCZpZ3VpZD0wMDFhOTdhOC0yYjY3LTZlNDEtMjI4OS04NTg0MmFjODZmN2YmaW5zaWQ9NTY5NQ&amp;ptn=3&amp;hsh=3&amp;fclid=001a97a8-2b67-6e41-2289-85842ac86f7f&amp;psq=ALETAS+PARA+NATACION+DESCRIPCION&amp;u=a1aHR0cDovL3d3dy5pLW5hdGFjaW9uLmNvbS9hcnRpY3Vsb3MvZXF1aXBhY2lvbi9hbGV0YXMyLmh0bWw&amp;ntb=1\" target=\"_blank\" rel=\"noopener\" data-tgpsgid=\"d_anstgpsg1\"><sup>1<\/sup><\/a><a class=\"sup-target\" href=\"https:\/\/www.bing.com\/ck\/a?!&amp;&amp;p=09bebca70cf64341JmltdHM9MTY5Njk4MjQwMCZpZ3VpZD0wMDFhOTdhOC0yYjY3LTZlNDEtMjI4OS04NTg0MmFjODZmN2YmaW5zaWQ9NTY5Ng&amp;ptn=3&amp;hsh=3&amp;fclid=001a97a8-2b67-6e41-2289-85842ac86f7f&amp;psq=ALETAS+PARA+NATACION+DESCRIPCION&amp;u=a1aHR0cHM6Ly93d3cuZXF1aXBhci5lcy9tZWpvcmVzLWFsZXRhcy1kZS1uYXRhY2lvbi8&amp;ntb=1\" target=\"_blank\" rel=\"noopener\" data-tgpsgid=\"d_anstgpsg2\"><sup>2<\/sup><\/a>:<\/p>\n<ul class=\"b_vList b_divsec b_bullet\">\n<li data-priority=\"\">Aletas con pala r\u00edgidas: Son largas y proporcionan mayor empuje y velocidad, pero requieren m\u00e1s esfuerzo.<\/li>\n<li data-priority=\"\">Aletas con pala blandas: Son m\u00e1s cortas y permiten movimientos breves y r\u00e1pidos con menos esfuerzo, pero la velocidad es menor.<\/li>\n<li data-priority=\"\">Aletas de silicona: Son ergon\u00f3micas y livianas, y facilitan el desplazamiento bajo el agua.<\/li>\n<li data-priority=\"\">Aletas de nataci\u00f3n espec\u00edficas para cada marca: Cada marca ofrece diferentes modelos de aletas con caracter\u00edsticas propias, como la forma, el material, el color, etc. Algunas marcas son Cressi, Speedo, Seac, Finis y Aqua-Speed.<\/li>\n<li data-priority=\"\">TALLA: 34-38<\/li>\n<\/ul>\n","protected":false},"excerpt":{"rendered":"<p>Los diferentes tipos de aletas para nataci\u00f3n son12: Aletas con pala r\u00edgidas: Son largas y proporcionan mayor empuje y velocidad, pero requieren m\u00e1s esfuerzo. Aletas con pala blandas: Son m\u00e1s cortas y permiten movimientos breves y r\u00e1pidos con menos esfuerzo, pero la velocidad es menor. Aletas de silicona: Son ergon\u00f3micas y livianas, y facilitan el<\/p>\n<p class=\"link-more\"><a href=\"https:\/\/cabanadeportiva.com\/?product=aletas-cortas-para-natacion\" class=\"more-link\"><span>Leer M\u00e1s<\/span><span class=\"meta-nav\">&#8594;<\/span><\/a><\/p>\n","protected":false},"featured_media":2116,"comment_status":"open","ping_status":"closed","template":"","meta":[],"product_brand":[],"product_cat":[57,61],"product_tag":[],"class_list":{"0":"post-2115","1":"product","2":"type-product","3":"status-publish","4":"has-post-thumbnail","6":"product_cat-deportes","7":"product_cat-natacion","8":"yith_product_brand-fit","10":"first","11":"instock","12":"sale","13":"shipping-taxable","14":"purchasable","15":"product-type-simple"},"_links":{"self":[{"href":"https:\/\/cabanadeportiva.com\/index.php?rest_route=\/wp\/v2\/product\/2115","targetHints":{"allow":["GET"]}}],"collection":[{"href":"https:\/\/cabanadeportiva.com\/index.php?rest_route=\/wp\/v2\/product"}],"about":[{"href":"https:\/\/cabanadeportiva.com\/index.php?rest_route=\/wp\/v2\/types\/product"}],"replies":[{"embeddable":true,"href":"https:\/\/cabanadeportiva.com\/index.php?rest_route=%2Fwp%2Fv2%2Fcomments&post=2115"}],"wp:featuredmedia":[{"embeddable":true,"href":"https:\/\/cabanadeportiva.com\/index.php?rest_route=\/wp\/v2\/media\/2116"}],"wp:attachment":[{"href":"https:\/\/cabanadeportiva.com\/index.php?rest_route=%2Fwp%2Fv2%2Fmedia&parent=2115"}],"wp:term":[{"taxonomy":"product_brand","embeddable":true,"href":"https:\/\/cabanadeportiva.com\/index.php?rest_route=%2Fwp%2Fv2%2Fproduct_brand&post=2115"},{"taxonomy":"product_cat","embeddable":true,"href":"https:\/\/cabanadeportiva.com\/index.php?rest_route=%2Fwp%2Fv2%2Fproduct_cat&post=2115"},{"taxonomy":"product_tag","embeddable":true,"href":"https:\/\/cabanadeportiva.com\/index.php?rest_route=%2Fwp%2Fv2%2Fproduct_tag&post=2115"}],"curies":[{"name":"wp","href":"https:\/\/api.w.org\/{rel}","templated":true}]}}