{"id":2142,"date":"2023-10-11T20:04:18","date_gmt":"2023-10-11T20:04:18","guid":{"rendered":"https:\/\/cabanadeportiva.com\/?post_type=product&#038;p=2142"},"modified":"2023-10-11T20:06:31","modified_gmt":"2023-10-11T20:06:31","slug":"arnes-de-tobillo","status":"publish","type":"product","link":"https:\/\/cabanadeportiva.com\/?product=arnes-de-tobillo","title":{"rendered":"ARNES DE TOBILLO"},"content":{"rendered":"<div class=\"df_con\">\n<div class=\"rwrl rwrl_sec\"><a class=\"sh-anchor\" href=\"https:\/\/www.bing.com\/ck\/a?!&amp;&amp;p=f4a41b86ead15aa0JmltdHM9MTY5Njk4MjQwMCZpZ3VpZD0wMDFhOTdhOC0yYjY3LTZlNDEtMjI4OS04NTg0MmFjODZmN2YmaW5zaWQ9NTY0OQ&amp;ptn=3&amp;hsh=3&amp;fclid=001a97a8-2b67-6e41-2289-85842ac86f7f&amp;psq=DESCRIPCION+DE+ARNES+DE+TOBILLO+ESTANDAR&amp;u=a1aHR0cHM6Ly9vcnRvcGVkaWEuY29tL21vdmlsaWRhZC1yZWR1Y2lkYS9zaWxsYXMtZGUtcnVlZGFzL2NpbnR1cm9uZXMtcGFyYS1zaWxsYXMtZGUtcnVlZGFzL2FybmVzLWRlLXN1amVjY2lvbi1zZWd1cmlkYWQtZGUtdG9iaWxsby5odG1s&amp;ntb=1\" target=\"_blank\" rel=\"noopener\" data-tg-citations=\"1;2;3\" data-tgpsgid=\"d_anstgsen0\">El Arn\u00e9s de Tobillo es un dispositivo de sujeci\u00f3n que se utiliza para\u00a0<strong>restringir la libertad de los tobillos<\/strong><\/a>.\u00a0<a class=\"sh-anchor\" href=\"https:\/\/www.bing.com\/ck\/a?!&amp;&amp;p=f329f3b8845bfbd3JmltdHM9MTY5Njk4MjQwMCZpZ3VpZD0wMDFhOTdhOC0yYjY3LTZlNDEtMjI4OS04NTg0MmFjODZmN2YmaW5zaWQ9NTY1Mw&amp;ptn=3&amp;hsh=3&amp;fclid=001a97a8-2b67-6e41-2289-85842ac86f7f&amp;psq=DESCRIPCION+DE+ARNES+DE+TOBILLO+ESTANDAR&amp;u=a1aHR0cHM6Ly9vcnRvcGVkaWEuY29tL21vdmlsaWRhZC1yZWR1Y2lkYS9zaWxsYXMtZGUtcnVlZGFzL2NpbnR1cm9uZXMtcGFyYS1zaWxsYXMtZGUtcnVlZGFzL2FybmVzLWRlLXN1amVjY2lvbi1zZWd1cmlkYWQtZGUtdG9iaWxsby5odG1s&amp;ntb=1\" target=\"_blank\" rel=\"noopener\" data-tg-citations=\"1;2;3\" data-tgpsgid=\"d_anstgsen1\">Est\u00e1 dise\u00f1ado para personas que precisan una sujeci\u00f3n completa a la cama, silla de ruedas, silla o sill\u00f3n<\/a><a class=\"sup-target\" href=\"https:\/\/www.bing.com\/ck\/a?!&amp;&amp;p=94adf194894d5fabJmltdHM9MTY5Njk4MjQwMCZpZ3VpZD0wMDFhOTdhOC0yYjY3LTZlNDEtMjI4OS04NTg0MmFjODZmN2YmaW5zaWQ9NTY1NA&amp;ptn=3&amp;hsh=3&amp;fclid=001a97a8-2b67-6e41-2289-85842ac86f7f&amp;psq=DESCRIPCION+DE+ARNES+DE+TOBILLO+ESTANDAR&amp;u=a1aHR0cHM6Ly9vcnRvcGVkaWEuY29tL21vdmlsaWRhZC1yZWR1Y2lkYS9zaWxsYXMtZGUtcnVlZGFzL2NpbnR1cm9uZXMtcGFyYS1zaWxsYXMtZGUtcnVlZGFzL2FybmVzLWRlLXN1amVjY2lvbi1zZWd1cmlkYWQtZGUtdG9iaWxsby5odG1s&amp;ntb=1\" target=\"_blank\" rel=\"noopener\" data-tgpsgid=\"d_anstgpsg1\"><sup>1<\/sup><\/a><a class=\"sup-target\" href=\"https:\/\/www.bing.com\/ck\/a?!&amp;&amp;p=e1958e1240666a5eJmltdHM9MTY5Njk4MjQwMCZpZ3VpZD0wMDFhOTdhOC0yYjY3LTZlNDEtMjI4OS04NTg0MmFjODZmN2YmaW5zaWQ9NTY1NQ&amp;ptn=3&amp;hsh=3&amp;fclid=001a97a8-2b67-6e41-2289-85842ac86f7f&amp;psq=DESCRIPCION+DE+ARNES+DE+TOBILLO+ESTANDAR&amp;u=a1aHR0cHM6Ly9lbnZpb21lZGljYWwuY29tL3N1amVjaW9uLzQxNi1hcm5lcy1kZS10b2JpbGxvcy1hLWNhbWEtY29uLWltYW5lcy1vcmxpbWFuLTEwMTUtb3JsaW1hbi1zdWplY2lvbi5odG1s&amp;ntb=1\" target=\"_blank\" rel=\"noopener\" data-tgpsgid=\"d_anstgpsg2\"><sup>2<\/sup><\/a><a class=\"sup-target\" href=\"https:\/\/www.bing.com\/ck\/a?!&amp;&amp;p=b771813ff24e6c15JmltdHM9MTY5Njk4MjQwMCZpZ3VpZD0wMDFhOTdhOC0yYjY3LTZlNDEtMjI4OS04NTg0MmFjODZmN2YmaW5zaWQ9NTY1Ng&amp;ptn=3&amp;hsh=3&amp;fclid=001a97a8-2b67-6e41-2289-85842ac86f7f&amp;psq=DESCRIPCION+DE+ARNES+DE+TOBILLO+ESTANDAR&amp;u=a1aHR0cHM6Ly9vcnRvcGVkaWFlbmNhc2EuY29tL2FybmVzLWRlLXN1amVjaW9uLWRlLXRvYmlsbG8&amp;ntb=1\" target=\"_blank\" rel=\"noopener\" data-tgpsgid=\"d_anstgpsg3\"><sup>3<\/sup><\/a>.\u00a0<a class=\"sh-anchor\" href=\"https:\/\/www.bing.com\/ck\/a?!&amp;&amp;p=7ce690088fa278e6JmltdHM9MTY5Njk4MjQwMCZpZ3VpZD0wMDFhOTdhOC0yYjY3LTZlNDEtMjI4OS04NTg0MmFjODZmN2YmaW5zaWQ9NTY1Nw&amp;ptn=3&amp;hsh=3&amp;fclid=001a97a8-2b67-6e41-2289-85842ac86f7f&amp;psq=DESCRIPCION+DE+ARNES+DE+TOBILLO+ESTANDAR&amp;u=a1aHR0cHM6Ly9vcnRvcGVkaWEuY29tL21vdmlsaWRhZC1yZWR1Y2lkYS9zaWxsYXMtZGUtcnVlZGFzL2NpbnR1cm9uZXMtcGFyYS1zaWxsYXMtZGUtcnVlZGFzL2FybmVzLWRlLXN1amVjY2lvbi1zZWd1cmlkYWQtZGUtdG9iaWxsby5odG1s&amp;ntb=1\" target=\"_blank\" rel=\"noopener\" data-tg-citations=\"1;2;3\" data-tgpsgid=\"d_anstgsen2\">Puede utilizarse en un solo tobillo o en ambos<\/a>\u00a0<a class=\"sh-anchor\" href=\"https:\/\/www.bing.com\/ck\/a?!&amp;&amp;p=6a4136ff06b77e18JmltdHM9MTY5Njk4MjQwMCZpZ3VpZD0wMDFhOTdhOC0yYjY3LTZlNDEtMjI4OS04NTg0MmFjODZmN2YmaW5zaWQ9NTY2MQ&amp;ptn=3&amp;hsh=3&amp;fclid=001a97a8-2b67-6e41-2289-85842ac86f7f&amp;psq=DESCRIPCION+DE+ARNES+DE+TOBILLO+ESTANDAR&amp;u=a1aHR0cHM6Ly9lbnZpb21lZGljYWwuY29tL3N1amVjaW9uLzQxNi1hcm5lcy1kZS10b2JpbGxvcy1hLWNhbWEtY29uLWltYW5lcy1vcmxpbWFuLTEwMTUtb3JsaW1hbi1zdWplY2lvbi5odG1s&amp;ntb=1\" target=\"_blank\" rel=\"noopener\" data-tg-citations=\"2\" data-tgpsgid=\"d_anstgsen3\">El rango de movilidad permitida puede regularse independientemente o puede proporcionar una inmovilizaci\u00f3n completa<\/a><\/div>\n<\/div>\n","protected":false},"excerpt":{"rendered":"<p>El Arn\u00e9s de Tobillo es un dispositivo de sujeci\u00f3n que se utiliza para\u00a0restringir la libertad de los tobillos.\u00a0Est\u00e1 dise\u00f1ado para personas que precisan una sujeci\u00f3n completa a la cama, silla de ruedas, silla o sill\u00f3n123.\u00a0Puede utilizarse en un solo tobillo o en ambos\u00a0El rango de movilidad permitida puede regularse independientemente o puede proporcionar una inmovilizaci\u00f3n<\/p>\n<p class=\"link-more\"><a href=\"https:\/\/cabanadeportiva.com\/?product=arnes-de-tobillo\" class=\"more-link\"><span>Leer M\u00e1s<\/span><span class=\"meta-nav\">&#8594;<\/span><\/a><\/p>\n","protected":false},"featured_media":2143,"comment_status":"open","ping_status":"closed","template":"","meta":[],"product_brand":[],"product_cat":[109,113,111],"product_tag":[],"class_list":{"0":"post-2142","1":"product","2":"type-product","3":"status-publish","4":"has-post-thumbnail","6":"product_cat-lesiones","7":"product_cat-rodilleras","8":"product_cat-tobillera","10":"first","11":"instock","12":"sale","13":"shipping-taxable","14":"purchasable","15":"product-type-simple"},"_links":{"self":[{"href":"https:\/\/cabanadeportiva.com\/index.php?rest_route=\/wp\/v2\/product\/2142","targetHints":{"allow":["GET"]}}],"collection":[{"href":"https:\/\/cabanadeportiva.com\/index.php?rest_route=\/wp\/v2\/product"}],"about":[{"href":"https:\/\/cabanadeportiva.com\/index.php?rest_route=\/wp\/v2\/types\/product"}],"replies":[{"embeddable":true,"href":"https:\/\/cabanadeportiva.com\/index.php?rest_route=%2Fwp%2Fv2%2Fcomments&post=2142"}],"wp:featuredmedia":[{"embeddable":true,"href":"https:\/\/cabanadeportiva.com\/index.php?rest_route=\/wp\/v2\/media\/2143"}],"wp:attachment":[{"href":"https:\/\/cabanadeportiva.com\/index.php?rest_route=%2Fwp%2Fv2%2Fmedia&parent=2142"}],"wp:term":[{"taxonomy":"product_brand","embeddable":true,"href":"https:\/\/cabanadeportiva.com\/index.php?rest_route=%2Fwp%2Fv2%2Fproduct_brand&post=2142"},{"taxonomy":"product_cat","embeddable":true,"href":"https:\/\/cabanadeportiva.com\/index.php?rest_route=%2Fwp%2Fv2%2Fproduct_cat&post=2142"},{"taxonomy":"product_tag","embeddable":true,"href":"https:\/\/cabanadeportiva.com\/index.php?rest_route=%2Fwp%2Fv2%2Fproduct_tag&post=2142"}],"curies":[{"name":"wp","href":"https:\/\/api.w.org\/{rel}","templated":true}]}}