{"id":2196,"date":"2023-10-13T23:06:47","date_gmt":"2023-10-13T23:06:47","guid":{"rendered":"https:\/\/cabanadeportiva.com\/?post_type=product&#038;p=2196"},"modified":"2023-10-13T23:07:09","modified_gmt":"2023-10-13T23:07:09","slug":"guantes-para-arquero-golty-2","status":"publish","type":"product","link":"https:\/\/cabanadeportiva.com\/?product=guantes-para-arquero-golty-2","title":{"rendered":"GUANTES PARA ARQUERO GOLTY"},"content":{"rendered":"<p>Guantes de Arquero Material:\u00a0<strong>Espuma de l\u00e1tex<\/strong>. Contrapalma de PVC. Surcos de poli\u00e9ster. Antifractura removible. Cierre de mu\u00f1eca con ranura para mayor libertad de movimiento y f\u00e1cil entrada de la mano<\/p>\n","protected":false},"excerpt":{"rendered":"<p>Guantes de Arquero Material:\u00a0Espuma de l\u00e1tex. Contrapalma de PVC. Surcos de poli\u00e9ster. Antifractura removible. Cierre de mu\u00f1eca con ranura para mayor libertad de movimiento y f\u00e1cil entrada de la mano<\/p>\n","protected":false},"featured_media":1908,"comment_status":"open","ping_status":"closed","template":"","meta":[],"product_brand":[],"product_cat":[57,60],"product_tag":[],"class_list":{"0":"post-2196","1":"product","2":"type-product","3":"status-publish","4":"has-post-thumbnail","6":"product_cat-deportes","7":"product_cat-futbol","9":"first","10":"instock","11":"sale","12":"shipping-taxable","13":"purchasable","14":"product-type-simple"},"_links":{"self":[{"href":"https:\/\/cabanadeportiva.com\/index.php?rest_route=\/wp\/v2\/product\/2196","targetHints":{"allow":["GET"]}}],"collection":[{"href":"https:\/\/cabanadeportiva.com\/index.php?rest_route=\/wp\/v2\/product"}],"about":[{"href":"https:\/\/cabanadeportiva.com\/index.php?rest_route=\/wp\/v2\/types\/product"}],"replies":[{"embeddable":true,"href":"https:\/\/cabanadeportiva.com\/index.php?rest_route=%2Fwp%2Fv2%2Fcomments&post=2196"}],"wp:featuredmedia":[{"embeddable":true,"href":"https:\/\/cabanadeportiva.com\/index.php?rest_route=\/wp\/v2\/media\/1908"}],"wp:attachment":[{"href":"https:\/\/cabanadeportiva.com\/index.php?rest_route=%2Fwp%2Fv2%2Fmedia&parent=2196"}],"wp:term":[{"taxonomy":"product_brand","embeddable":true,"href":"https:\/\/cabanadeportiva.com\/index.php?rest_route=%2Fwp%2Fv2%2Fproduct_brand&post=2196"},{"taxonomy":"product_cat","embeddable":true,"href":"https:\/\/cabanadeportiva.com\/index.php?rest_route=%2Fwp%2Fv2%2Fproduct_cat&post=2196"},{"taxonomy":"product_tag","embeddable":true,"href":"https:\/\/cabanadeportiva.com\/index.php?rest_route=%2Fwp%2Fv2%2Fproduct_tag&post=2196"}],"curies":[{"name":"wp","href":"https:\/\/api.w.org\/{rel}","templated":true}]}}