{"id":2278,"date":"2024-01-16T19:27:41","date_gmt":"2024-01-16T19:27:41","guid":{"rendered":"https:\/\/cabanadeportiva.com\/?post_type=product&#038;p=2278"},"modified":"2024-01-16T19:30:26","modified_gmt":"2024-01-16T19:30:26","slug":"molten-3x3","status":"publish","type":"product","link":"https:\/\/cabanadeportiva.com\/?product=molten-3x3","title":{"rendered":"molten 3&#215;3"},"content":{"rendered":"<p>El Bal\u00f3n de B\u00e1squetbol B33T5000 de Molten es el bal\u00f3n de piel sint\u00e9tica aprobado por\u00a0 FIBA para torneos 3\u00d73.\u00a0<span class=\"a-list-item\">Tama\u00f1o y peso seg\u00fan las normas oficiales de FIBA 3\u00d73.<\/span><\/p>\n<p>Su dise\u00f1o de sus 12 paneles brinda mayor flexibilidad a la punta de sus dedos y m\u00e1s \u00e1rea de superficie para un mejor control.<\/p>\n<p>&nbsp;<\/p>\n","protected":false},"excerpt":{"rendered":"<p>El Bal\u00f3n de B\u00e1squetbol B33T5000 de Molten es el bal\u00f3n de piel sint\u00e9tica aprobado por\u00a0 FIBA para torneos 3\u00d73.\u00a0Tama\u00f1o y peso seg\u00fan las normas oficiales de FIBA 3\u00d73. Su dise\u00f1o de sus 12 paneles brinda mayor flexibilidad a la punta de sus dedos y m\u00e1s \u00e1rea de superficie para un mejor control. &nbsp;<\/p>\n","protected":false},"featured_media":2279,"comment_status":"open","ping_status":"closed","template":"","meta":[],"product_brand":[],"product_cat":[63],"product_tag":[],"class_list":{"0":"post-2278","1":"product","2":"type-product","3":"status-publish","4":"has-post-thumbnail","6":"product_cat-basketball","8":"first","9":"instock","10":"sale","11":"shipping-taxable","12":"purchasable","13":"product-type-simple"},"_links":{"self":[{"href":"https:\/\/cabanadeportiva.com\/index.php?rest_route=\/wp\/v2\/product\/2278","targetHints":{"allow":["GET"]}}],"collection":[{"href":"https:\/\/cabanadeportiva.com\/index.php?rest_route=\/wp\/v2\/product"}],"about":[{"href":"https:\/\/cabanadeportiva.com\/index.php?rest_route=\/wp\/v2\/types\/product"}],"replies":[{"embeddable":true,"href":"https:\/\/cabanadeportiva.com\/index.php?rest_route=%2Fwp%2Fv2%2Fcomments&post=2278"}],"wp:featuredmedia":[{"embeddable":true,"href":"https:\/\/cabanadeportiva.com\/index.php?rest_route=\/wp\/v2\/media\/2279"}],"wp:attachment":[{"href":"https:\/\/cabanadeportiva.com\/index.php?rest_route=%2Fwp%2Fv2%2Fmedia&parent=2278"}],"wp:term":[{"taxonomy":"product_brand","embeddable":true,"href":"https:\/\/cabanadeportiva.com\/index.php?rest_route=%2Fwp%2Fv2%2Fproduct_brand&post=2278"},{"taxonomy":"product_cat","embeddable":true,"href":"https:\/\/cabanadeportiva.com\/index.php?rest_route=%2Fwp%2Fv2%2Fproduct_cat&post=2278"},{"taxonomy":"product_tag","embeddable":true,"href":"https:\/\/cabanadeportiva.com\/index.php?rest_route=%2Fwp%2Fv2%2Fproduct_tag&post=2278"}],"curies":[{"name":"wp","href":"https:\/\/api.w.org\/{rel}","templated":true}]}}