{"id":2310,"date":"2024-01-16T20:48:49","date_gmt":"2024-01-16T20:48:49","guid":{"rendered":"https:\/\/cabanadeportiva.com\/?post_type=product&#038;p=2310"},"modified":"2024-01-16T20:52:19","modified_gmt":"2024-01-16T20:52:19","slug":"balones-para-basketball-wilson-nba-caucho","status":"publish","type":"product","link":"https:\/\/cabanadeportiva.com\/?product=balones-para-basketball-wilson-nba-caucho","title":{"rendered":"BALONES PARA BASKETBALL WILSON NBA CAUCHO"},"content":{"rendered":"<p>&nbsp;<\/p>\n<p><strong>MODELO: TIDYE #07<\/strong><br \/>\nMantente fiel a tu equipo con el bal\u00f3n Wilson NBA TIDYE. La cubierta presenta un patr\u00f3n alterno de los colores primarios y secundarios de su equipo, en sus paneles el logotipo de este exhibido de manera prominente. La Performance Cover est\u00e1 dise\u00f1ada para enfrentarse a cualquier cancha que elija, construida con un agarre duradero para superficies rugosas.<\/p>\n<p><strong>CARACTER\u00cdSTICAS<\/strong>:<\/p>\n<ul>\n<li>CUBIERTA DE PURE FEEL: Sensaci\u00f3n y durabilidad de nivel profesional.<\/li>\n<li>CONSTRUCCI\u00d3N DE REBOTE PARA SIEMPRE: Rebote constante cada vez.<\/li>\n<li>RETENCI\u00d3N DE AIRE: El revestimiento de retenci\u00f3n de la inflaci\u00f3n crea una retenci\u00f3n de aire m\u00e1s duradera.<\/li>\n<li>NBA PRO SEAMS: Nueva construcci\u00f3n de canales adaptada a las preferencias del jugador.<\/li>\n<\/ul>\n","protected":false},"excerpt":{"rendered":"<p>&nbsp; MODELO: TIDYE #07 Mantente fiel a tu equipo con el bal\u00f3n Wilson NBA TIDYE. La cubierta presenta un patr\u00f3n alterno de los colores primarios y secundarios de su equipo, en sus paneles el logotipo de este exhibido de manera prominente. La Performance Cover est\u00e1 dise\u00f1ada para enfrentarse a cualquier cancha que elija, construida con<\/p>\n<p class=\"link-more\"><a href=\"https:\/\/cabanadeportiva.com\/?product=balones-para-basketball-wilson-nba-caucho\" class=\"more-link\"><span>Leer M\u00e1s<\/span><span class=\"meta-nav\">&#8594;<\/span><\/a><\/p>\n","protected":false},"featured_media":2311,"comment_status":"open","ping_status":"closed","template":"","meta":[],"product_brand":[],"product_cat":[63],"product_tag":[],"class_list":{"0":"post-2310","1":"product","2":"type-product","3":"status-publish","4":"has-post-thumbnail","6":"product_cat-basketball","8":"first","9":"instock","10":"sale","11":"shipping-taxable","12":"purchasable","13":"product-type-simple"},"_links":{"self":[{"href":"https:\/\/cabanadeportiva.com\/index.php?rest_route=\/wp\/v2\/product\/2310","targetHints":{"allow":["GET"]}}],"collection":[{"href":"https:\/\/cabanadeportiva.com\/index.php?rest_route=\/wp\/v2\/product"}],"about":[{"href":"https:\/\/cabanadeportiva.com\/index.php?rest_route=\/wp\/v2\/types\/product"}],"replies":[{"embeddable":true,"href":"https:\/\/cabanadeportiva.com\/index.php?rest_route=%2Fwp%2Fv2%2Fcomments&post=2310"}],"wp:featuredmedia":[{"embeddable":true,"href":"https:\/\/cabanadeportiva.com\/index.php?rest_route=\/wp\/v2\/media\/2311"}],"wp:attachment":[{"href":"https:\/\/cabanadeportiva.com\/index.php?rest_route=%2Fwp%2Fv2%2Fmedia&parent=2310"}],"wp:term":[{"taxonomy":"product_brand","embeddable":true,"href":"https:\/\/cabanadeportiva.com\/index.php?rest_route=%2Fwp%2Fv2%2Fproduct_brand&post=2310"},{"taxonomy":"product_cat","embeddable":true,"href":"https:\/\/cabanadeportiva.com\/index.php?rest_route=%2Fwp%2Fv2%2Fproduct_cat&post=2310"},{"taxonomy":"product_tag","embeddable":true,"href":"https:\/\/cabanadeportiva.com\/index.php?rest_route=%2Fwp%2Fv2%2Fproduct_tag&post=2310"}],"curies":[{"name":"wp","href":"https:\/\/api.w.org\/{rel}","templated":true}]}}