{"id":2312,"date":"2024-01-16T20:54:10","date_gmt":"2024-01-16T20:54:10","guid":{"rendered":"https:\/\/cabanadeportiva.com\/?post_type=product&#038;p=2312"},"modified":"2024-01-16T20:57:47","modified_gmt":"2024-01-16T20:57:47","slug":"balon-de-volleybol-wilson","status":"publish","type":"product","link":"https:\/\/cabanadeportiva.com\/?product=balon-de-volleybol-wilson","title":{"rendered":"BALON DE VOLLEYBOL WILSON"},"content":{"rendered":"<div class=\"product-detail product-detail_overview\">\n<p class=\"product-description_content\">Juega como los profesionales con el bal\u00f3n de voleibol para pista cubierta Pro Tour de Wilson\u00ae. El Pro Tour, hecho para durar, tiene una cubierta de cuero sint\u00e9tico, carcasa tejida y costuras V-Tec. El bal\u00f3n de voleibol para pista cubierta tiene el tama\u00f1o y el peso oficiales.<\/p>\n<\/div>\n<ul class=\"product-highlights_list\">\n<li>TAMA\u00d1O Y PESO OFICIALES: El tama\u00f1o y el peso que se utilizan a nivel profesional; resulta ideal para jugadores de m\u00e1s de 13 a\u00f1os.<\/li>\n<li>DURABILIDAD AMPLIADA: La fabricaci\u00f3n con carcasa tejida y duradera ayuda a que el bal\u00f3n mantenga su forma esf\u00e9rica \u00f3ptima partido tras partido.<\/li>\n<li>TOQUE PERFECTO: La cubierta sint\u00e9tica de alto rendimiento te permitir\u00e1 mejorar el bal\u00f3n con cada toque.<\/li>\n<li>RENDIMIENTO PROFESIONAL EN INTERIORES: Juega como los profesionales de la pista cubierta con todos los nuevos gr\u00e1ficos de estilo profesional y la fabricaci\u00f3n mejorada de los materiales.<\/li>\n<\/ul>\n","protected":false},"excerpt":{"rendered":"<p>Juega como los profesionales con el bal\u00f3n de voleibol para pista cubierta Pro Tour de Wilson\u00ae. El Pro Tour, hecho para durar, tiene una cubierta de cuero sint\u00e9tico, carcasa tejida y costuras V-Tec. El bal\u00f3n de voleibol para pista cubierta tiene el tama\u00f1o y el peso oficiales. TAMA\u00d1O Y PESO OFICIALES: El tama\u00f1o y el<\/p>\n<p class=\"link-more\"><a href=\"https:\/\/cabanadeportiva.com\/?product=balon-de-volleybol-wilson\" class=\"more-link\"><span>Leer M\u00e1s<\/span><span class=\"meta-nav\">&#8594;<\/span><\/a><\/p>\n","protected":false},"featured_media":2313,"comment_status":"open","ping_status":"closed","template":"","meta":[],"product_brand":[],"product_cat":[63],"product_tag":[],"class_list":{"0":"post-2312","1":"product","2":"type-product","3":"status-publish","4":"has-post-thumbnail","6":"product_cat-basketball","8":"first","9":"instock","10":"sale","11":"shipping-taxable","12":"purchasable","13":"product-type-simple"},"_links":{"self":[{"href":"https:\/\/cabanadeportiva.com\/index.php?rest_route=\/wp\/v2\/product\/2312","targetHints":{"allow":["GET"]}}],"collection":[{"href":"https:\/\/cabanadeportiva.com\/index.php?rest_route=\/wp\/v2\/product"}],"about":[{"href":"https:\/\/cabanadeportiva.com\/index.php?rest_route=\/wp\/v2\/types\/product"}],"replies":[{"embeddable":true,"href":"https:\/\/cabanadeportiva.com\/index.php?rest_route=%2Fwp%2Fv2%2Fcomments&post=2312"}],"wp:featuredmedia":[{"embeddable":true,"href":"https:\/\/cabanadeportiva.com\/index.php?rest_route=\/wp\/v2\/media\/2313"}],"wp:attachment":[{"href":"https:\/\/cabanadeportiva.com\/index.php?rest_route=%2Fwp%2Fv2%2Fmedia&parent=2312"}],"wp:term":[{"taxonomy":"product_brand","embeddable":true,"href":"https:\/\/cabanadeportiva.com\/index.php?rest_route=%2Fwp%2Fv2%2Fproduct_brand&post=2312"},{"taxonomy":"product_cat","embeddable":true,"href":"https:\/\/cabanadeportiva.com\/index.php?rest_route=%2Fwp%2Fv2%2Fproduct_cat&post=2312"},{"taxonomy":"product_tag","embeddable":true,"href":"https:\/\/cabanadeportiva.com\/index.php?rest_route=%2Fwp%2Fv2%2Fproduct_tag&post=2312"}],"curies":[{"name":"wp","href":"https:\/\/api.w.org\/{rel}","templated":true}]}}