{"id":2314,"date":"2024-01-16T21:14:50","date_gmt":"2024-01-16T21:14:50","guid":{"rendered":"https:\/\/cabanadeportiva.com\/?post_type=product&#038;p=2314"},"modified":"2024-01-16T21:40:27","modified_gmt":"2024-01-16T21:40:27","slug":"balones-de-baloncesto-vento-en-cuero-profesional","status":"publish","type":"product","link":"https:\/\/cabanadeportiva.com\/?product=balones-de-baloncesto-vento-en-cuero-profesional","title":{"rendered":"BALONES DE BALONCESTO VENTO EN CUERO PROFESIONAL"},"content":{"rendered":"<p>Bal\u00f3n profesional de baloncesto para competencias fabricado en cuero sint\u00e9tico.<\/p>\n<p>El material neum\u00e1tico bulito de este bal\u00f3n de competencia lo hace apto para todo tipo de terreno. Adem\u00e1s, cumple con las especificaciones FIBA.<\/p>\n","protected":false},"excerpt":{"rendered":"<p>Bal\u00f3n profesional de baloncesto para competencias fabricado en cuero sint\u00e9tico. El material neum\u00e1tico bulito de este bal\u00f3n de competencia lo hace apto para todo tipo de terreno. Adem\u00e1s, cumple con las especificaciones FIBA.<\/p>\n","protected":false},"featured_media":2315,"comment_status":"open","ping_status":"closed","template":"","meta":[],"product_brand":[],"product_cat":[63],"product_tag":[],"class_list":{"0":"post-2314","1":"product","2":"type-product","3":"status-publish","4":"has-post-thumbnail","6":"product_cat-basketball","8":"first","9":"instock","10":"sale","11":"shipping-taxable","12":"purchasable","13":"product-type-simple"},"_links":{"self":[{"href":"https:\/\/cabanadeportiva.com\/index.php?rest_route=\/wp\/v2\/product\/2314","targetHints":{"allow":["GET"]}}],"collection":[{"href":"https:\/\/cabanadeportiva.com\/index.php?rest_route=\/wp\/v2\/product"}],"about":[{"href":"https:\/\/cabanadeportiva.com\/index.php?rest_route=\/wp\/v2\/types\/product"}],"replies":[{"embeddable":true,"href":"https:\/\/cabanadeportiva.com\/index.php?rest_route=%2Fwp%2Fv2%2Fcomments&post=2314"}],"wp:featuredmedia":[{"embeddable":true,"href":"https:\/\/cabanadeportiva.com\/index.php?rest_route=\/wp\/v2\/media\/2315"}],"wp:attachment":[{"href":"https:\/\/cabanadeportiva.com\/index.php?rest_route=%2Fwp%2Fv2%2Fmedia&parent=2314"}],"wp:term":[{"taxonomy":"product_brand","embeddable":true,"href":"https:\/\/cabanadeportiva.com\/index.php?rest_route=%2Fwp%2Fv2%2Fproduct_brand&post=2314"},{"taxonomy":"product_cat","embeddable":true,"href":"https:\/\/cabanadeportiva.com\/index.php?rest_route=%2Fwp%2Fv2%2Fproduct_cat&post=2314"},{"taxonomy":"product_tag","embeddable":true,"href":"https:\/\/cabanadeportiva.com\/index.php?rest_route=%2Fwp%2Fv2%2Fproduct_tag&post=2314"}],"curies":[{"name":"wp","href":"https:\/\/api.w.org\/{rel}","templated":true}]}}