{"id":2316,"date":"2024-01-16T21:43:21","date_gmt":"2024-01-16T21:43:21","guid":{"rendered":"https:\/\/cabanadeportiva.com\/?post_type=product&#038;p=2316"},"modified":"2024-01-16T21:47:22","modified_gmt":"2024-01-16T21:47:22","slug":"balones-magnon-golty","status":"publish","type":"product","link":"https:\/\/cabanadeportiva.com\/?product=balones-magnon-golty","title":{"rendered":"BALONES MAGNON GOLTY"},"content":{"rendered":"<p>Bal\u00f3n f\u00fatbol Golty Magnum . Caracter\u00edsticas: C\u00e1mara: en <strong>caucho de butilo<\/strong>. Enmallado: nylon. Cubierta: cuero PU. Construcci\u00f3n: laminado. Tama\u00f1o: No.5. Terreno de juego: interior.<\/p>\n","protected":false},"excerpt":{"rendered":"<p>Bal\u00f3n f\u00fatbol Golty Magnum . Caracter\u00edsticas: C\u00e1mara: en caucho de butilo. Enmallado: nylon. Cubierta: cuero PU. Construcci\u00f3n: laminado. Tama\u00f1o: No.5. Terreno de juego: interior.<\/p>\n","protected":false},"featured_media":2317,"comment_status":"open","ping_status":"closed","template":"","meta":[],"product_brand":[],"product_cat":[57,60],"product_tag":[],"class_list":{"0":"post-2316","1":"product","2":"type-product","3":"status-publish","4":"has-post-thumbnail","6":"product_cat-deportes","7":"product_cat-futbol","9":"first","10":"instock","11":"sale","12":"shipping-taxable","13":"purchasable","14":"product-type-simple"},"_links":{"self":[{"href":"https:\/\/cabanadeportiva.com\/index.php?rest_route=\/wp\/v2\/product\/2316","targetHints":{"allow":["GET"]}}],"collection":[{"href":"https:\/\/cabanadeportiva.com\/index.php?rest_route=\/wp\/v2\/product"}],"about":[{"href":"https:\/\/cabanadeportiva.com\/index.php?rest_route=\/wp\/v2\/types\/product"}],"replies":[{"embeddable":true,"href":"https:\/\/cabanadeportiva.com\/index.php?rest_route=%2Fwp%2Fv2%2Fcomments&post=2316"}],"wp:featuredmedia":[{"embeddable":true,"href":"https:\/\/cabanadeportiva.com\/index.php?rest_route=\/wp\/v2\/media\/2317"}],"wp:attachment":[{"href":"https:\/\/cabanadeportiva.com\/index.php?rest_route=%2Fwp%2Fv2%2Fmedia&parent=2316"}],"wp:term":[{"taxonomy":"product_brand","embeddable":true,"href":"https:\/\/cabanadeportiva.com\/index.php?rest_route=%2Fwp%2Fv2%2Fproduct_brand&post=2316"},{"taxonomy":"product_cat","embeddable":true,"href":"https:\/\/cabanadeportiva.com\/index.php?rest_route=%2Fwp%2Fv2%2Fproduct_cat&post=2316"},{"taxonomy":"product_tag","embeddable":true,"href":"https:\/\/cabanadeportiva.com\/index.php?rest_route=%2Fwp%2Fv2%2Fproduct_tag&post=2316"}],"curies":[{"name":"wp","href":"https:\/\/api.w.org\/{rel}","templated":true}]}}