{"id":2374,"date":"2024-03-06T20:27:02","date_gmt":"2024-03-06T20:27:02","guid":{"rendered":"https:\/\/cabanadeportiva.com\/?post_type=product&#038;p=2374"},"modified":"2024-03-06T20:32:13","modified_gmt":"2024-03-06T20:32:13","slug":"varetas-para-natacion","status":"publish","type":"product","link":"https:\/\/cabanadeportiva.com\/?product=varetas-para-natacion","title":{"rendered":"VARETAS PARA NATACION"},"content":{"rendered":"<div class=\"elementor-element elementor-element-3cc8a6d0 elementor-hidden-tablet elementor-hidden-mobile elementor-widget elementor-widget-woocommerce-product-short-description\" data-id=\"3cc8a6d0\" data-element_type=\"widget\" data-widget_type=\"woocommerce-product-short-description.default\">\n<div class=\"elementor-widget-container\">\n<div class=\"woocommerce-product-details__short-description\">\n<ul>\n<li>Lente visi\u00f3n panor\u00e1mica.<\/li>\n<li>Lente en vidrio templado para no empa\u00f1arse.<\/li>\n<li>Acople al rostro c\u00f3modo en silicona.<\/li>\n<li>Careta con correas ajustable a cualquier rostro.<\/li>\n<\/ul>\n<\/div>\n<\/div>\n<\/div>\n<div class=\"elementor-element elementor-element-d50c281 elementor-hidden-tablet elementor-hidden-mobile elementor-widget elementor-widget-wl-single-product-description\" data-id=\"d50c281\" data-element_type=\"widget\" data-widget_type=\"wl-single-product-description.default\">\n<div class=\"elementor-widget-container\">\n<div class=\"woocommerce_product_description\">\n<p><strong>Beneficios:<\/strong><\/p>\n<ul>\n<li>Ofrece una experiencia de careteo \u00fanico a los usuarios.<\/li>\n<li>Ideal para mar, piscina y r\u00edos.<\/li>\n<li>Material de alto impacto, resistentes a los golpes.<\/li>\n<\/ul>\n<\/div>\n<\/div>\n<\/div>\n","protected":false},"excerpt":{"rendered":"<p>Lente visi\u00f3n panor\u00e1mica. Lente en vidrio templado para no empa\u00f1arse. Acople al rostro c\u00f3modo en silicona. Careta con correas ajustable a cualquier rostro. Beneficios: Ofrece una experiencia de careteo \u00fanico a los usuarios. Ideal para mar, piscina y r\u00edos. Material de alto impacto, resistentes a los golpes.<\/p>\n","protected":false},"featured_media":2375,"comment_status":"open","ping_status":"closed","template":"","meta":[],"product_brand":[],"product_cat":[84,85],"product_tag":[],"class_list":{"0":"post-2374","1":"product","2":"type-product","3":"status-publish","4":"has-post-thumbnail","6":"product_cat-patinaje-2","7":"product_cat-patines","9":"first","10":"instock","11":"sale","12":"shipping-taxable","13":"purchasable","14":"product-type-simple"},"_links":{"self":[{"href":"https:\/\/cabanadeportiva.com\/index.php?rest_route=\/wp\/v2\/product\/2374","targetHints":{"allow":["GET"]}}],"collection":[{"href":"https:\/\/cabanadeportiva.com\/index.php?rest_route=\/wp\/v2\/product"}],"about":[{"href":"https:\/\/cabanadeportiva.com\/index.php?rest_route=\/wp\/v2\/types\/product"}],"replies":[{"embeddable":true,"href":"https:\/\/cabanadeportiva.com\/index.php?rest_route=%2Fwp%2Fv2%2Fcomments&post=2374"}],"wp:featuredmedia":[{"embeddable":true,"href":"https:\/\/cabanadeportiva.com\/index.php?rest_route=\/wp\/v2\/media\/2375"}],"wp:attachment":[{"href":"https:\/\/cabanadeportiva.com\/index.php?rest_route=%2Fwp%2Fv2%2Fmedia&parent=2374"}],"wp:term":[{"taxonomy":"product_brand","embeddable":true,"href":"https:\/\/cabanadeportiva.com\/index.php?rest_route=%2Fwp%2Fv2%2Fproduct_brand&post=2374"},{"taxonomy":"product_cat","embeddable":true,"href":"https:\/\/cabanadeportiva.com\/index.php?rest_route=%2Fwp%2Fv2%2Fproduct_cat&post=2374"},{"taxonomy":"product_tag","embeddable":true,"href":"https:\/\/cabanadeportiva.com\/index.php?rest_route=%2Fwp%2Fv2%2Fproduct_tag&post=2374"}],"curies":[{"name":"wp","href":"https:\/\/api.w.org\/{rel}","templated":true}]}}