{"id":2394,"date":"2024-03-18T21:17:06","date_gmt":"2024-03-18T21:17:06","guid":{"rendered":"https:\/\/cabanadeportiva.com\/?post_type=product&#038;p=2394"},"modified":"2024-06-26T23:00:59","modified_gmt":"2024-06-27T04:00:59","slug":"cascos-sonic-semiprofesionales-rosado-negro-canariam-talla-s","status":"publish","type":"product","link":"https:\/\/cabanadeportiva.com\/?product=cascos-sonic-semiprofesionales-rosado-negro-canariam-talla-s","title":{"rendered":"Cascos sonic semiprofesionales rosado negro canariam talla S"},"content":{"rendered":"<p style=\"font-weight: 400;\">Fabricado en pasta de\u00a0 policarbonato con poliestireno expandido (Icopor)<\/p>\n<p style=\"font-weight: 400;\">Fabricaci\u00f3n out mold, Casco de seguridad para patinadores, El dise\u00f1o aerodin\u00e1mico y horma, permite la distribuci\u00f3n del impacto, proporcionando la protecci\u00f3n necesaria<\/p>\n<p style=\"font-weight: 400;\">Casco de seguridad para patinadores, El dise\u00f1o aerodin\u00e1mico y horma, permite la distribuci\u00f3n del impacto, proporcionando la protecci\u00f3n necesaria<\/p>\n<p style=\"font-weight: 400;\">El uso del casco para patinar es una medida pasiva de seguridad, para el ingreso a la pista es obligatorio<\/p>\n<p style=\"font-weight: 400;\">Tallaje:<\/p>\n<p style=\"font-weight: 400;\">S- 54-58 cm (Ajustable)<\/p>\n<p style=\"font-weight: 400;\">M &#8211; 58-62 cm<\/p>\n","protected":false},"excerpt":{"rendered":"<p>Fabricado en pasta de\u00a0 policarbonato con poliestireno expandido (Icopor) Fabricaci\u00f3n out mold, Casco de seguridad para patinadores, El dise\u00f1o aerodin\u00e1mico y horma, permite la distribuci\u00f3n del impacto, proporcionando la protecci\u00f3n necesaria Casco de seguridad para patinadores, El dise\u00f1o aerodin\u00e1mico y horma, permite la distribuci\u00f3n del impacto, proporcionando la protecci\u00f3n necesaria El uso del casco para<\/p>\n<p class=\"link-more\"><a href=\"https:\/\/cabanadeportiva.com\/?product=cascos-sonic-semiprofesionales-rosado-negro-canariam-talla-s\" class=\"more-link\"><span>Leer M\u00e1s<\/span><span class=\"meta-nav\">&#8594;<\/span><\/a><\/p>\n","protected":false},"featured_media":2395,"comment_status":"open","ping_status":"closed","template":"","meta":[],"product_brand":[],"product_cat":[86,84],"product_tag":[],"class_list":{"0":"post-2394","1":"product","2":"type-product","3":"status-publish","4":"has-post-thumbnail","6":"product_cat-cascos","7":"product_cat-patinaje-2","9":"first","10":"instock","11":"sale","12":"shipping-taxable","13":"purchasable","14":"product-type-simple"},"_links":{"self":[{"href":"https:\/\/cabanadeportiva.com\/index.php?rest_route=\/wp\/v2\/product\/2394","targetHints":{"allow":["GET"]}}],"collection":[{"href":"https:\/\/cabanadeportiva.com\/index.php?rest_route=\/wp\/v2\/product"}],"about":[{"href":"https:\/\/cabanadeportiva.com\/index.php?rest_route=\/wp\/v2\/types\/product"}],"replies":[{"embeddable":true,"href":"https:\/\/cabanadeportiva.com\/index.php?rest_route=%2Fwp%2Fv2%2Fcomments&post=2394"}],"wp:featuredmedia":[{"embeddable":true,"href":"https:\/\/cabanadeportiva.com\/index.php?rest_route=\/wp\/v2\/media\/2395"}],"wp:attachment":[{"href":"https:\/\/cabanadeportiva.com\/index.php?rest_route=%2Fwp%2Fv2%2Fmedia&parent=2394"}],"wp:term":[{"taxonomy":"product_brand","embeddable":true,"href":"https:\/\/cabanadeportiva.com\/index.php?rest_route=%2Fwp%2Fv2%2Fproduct_brand&post=2394"},{"taxonomy":"product_cat","embeddable":true,"href":"https:\/\/cabanadeportiva.com\/index.php?rest_route=%2Fwp%2Fv2%2Fproduct_cat&post=2394"},{"taxonomy":"product_tag","embeddable":true,"href":"https:\/\/cabanadeportiva.com\/index.php?rest_route=%2Fwp%2Fv2%2Fproduct_tag&post=2394"}],"curies":[{"name":"wp","href":"https:\/\/api.w.org\/{rel}","templated":true}]}}