{"id":2776,"date":"2024-10-31T18:56:17","date_gmt":"2024-10-31T23:56:17","guid":{"rendered":"https:\/\/cabanadeportiva.com\/?post_type=product&#038;p=2776"},"modified":"2026-05-11T18:14:18","modified_gmt":"2026-05-11T23:14:18","slug":"patines-canariam-gummy-32-35-lila","status":"publish","type":"product","link":"https:\/\/cabanadeportiva.com\/?product=patines-canariam-gummy-32-35-lila","title":{"rendered":"PATINES CANARIAM GUMMY 24-27 LILA ROSADO"},"content":{"rendered":"<p>Hemos dise\u00f1ado un\u00a0<strong>chasis monobloque, integrado directamente a la bota, que ofrece una mayor estabilidad y un alineamiento superior<\/strong>. Este avance no solo mejora el rendimiento, sino que tambi\u00e9n proporciona una experiencia de patinaje m\u00e1s segura y c\u00f3moda para todos los ni\u00f1os.<\/p>\n<p><strong>Dise\u00f1ados especialmente para los m\u00e1s peque\u00f1os, estos patines no solo ofrecen diversi\u00f3n, sino tambi\u00e9n una base s\u00f3lida para sus primeros pasos en el mundo del patinaje.<\/strong><\/p>\n<p><img decoding=\"async\" src=\"https:\/\/canariamcatalogo.com\/img2\/caractersitics-02.png\" alt=\"Imagen Centrada\" \/><\/p>\n","protected":false},"excerpt":{"rendered":"<p>Hemos dise\u00f1ado un\u00a0chasis monobloque, integrado directamente a la bota, que ofrece una mayor estabilidad y un alineamiento superior. Este avance no solo mejora el rendimiento, sino que tambi\u00e9n proporciona una experiencia de patinaje m\u00e1s segura y c\u00f3moda para todos los ni\u00f1os. Dise\u00f1ados especialmente para los m\u00e1s peque\u00f1os, estos patines no solo ofrecen diversi\u00f3n, sino tambi\u00e9n<\/p>\n<p class=\"link-more\"><a href=\"https:\/\/cabanadeportiva.com\/?product=patines-canariam-gummy-32-35-lila\" class=\"more-link\"><span>Leer M\u00e1s<\/span><span class=\"meta-nav\">&#8594;<\/span><\/a><\/p>\n","protected":false},"featured_media":10027,"comment_status":"open","ping_status":"closed","template":"","meta":[],"product_brand":[],"product_cat":[145,147],"product_tag":[],"class_list":{"0":"post-2776","1":"product","2":"type-product","3":"status-publish","4":"has-post-thumbnail","6":"product_cat-patines-canariam","7":"product_cat-patines-canariam-gummy","8":"yith_product_brand-canariam","10":"first","11":"instock","12":"sale","13":"shipping-taxable","14":"purchasable","15":"product-type-simple"},"_links":{"self":[{"href":"https:\/\/cabanadeportiva.com\/index.php?rest_route=\/wp\/v2\/product\/2776","targetHints":{"allow":["GET"]}}],"collection":[{"href":"https:\/\/cabanadeportiva.com\/index.php?rest_route=\/wp\/v2\/product"}],"about":[{"href":"https:\/\/cabanadeportiva.com\/index.php?rest_route=\/wp\/v2\/types\/product"}],"replies":[{"embeddable":true,"href":"https:\/\/cabanadeportiva.com\/index.php?rest_route=%2Fwp%2Fv2%2Fcomments&post=2776"}],"wp:featuredmedia":[{"embeddable":true,"href":"https:\/\/cabanadeportiva.com\/index.php?rest_route=\/wp\/v2\/media\/10027"}],"wp:attachment":[{"href":"https:\/\/cabanadeportiva.com\/index.php?rest_route=%2Fwp%2Fv2%2Fmedia&parent=2776"}],"wp:term":[{"taxonomy":"product_brand","embeddable":true,"href":"https:\/\/cabanadeportiva.com\/index.php?rest_route=%2Fwp%2Fv2%2Fproduct_brand&post=2776"},{"taxonomy":"product_cat","embeddable":true,"href":"https:\/\/cabanadeportiva.com\/index.php?rest_route=%2Fwp%2Fv2%2Fproduct_cat&post=2776"},{"taxonomy":"product_tag","embeddable":true,"href":"https:\/\/cabanadeportiva.com\/index.php?rest_route=%2Fwp%2Fv2%2Fproduct_tag&post=2776"}],"curies":[{"name":"wp","href":"https:\/\/api.w.org\/{rel}","templated":true}]}}