{"id":2786,"date":"2024-11-23T14:37:44","date_gmt":"2024-11-23T19:37:44","guid":{"rendered":"https:\/\/cabanadeportiva.com\/?post_type=product&#038;p=2786"},"modified":"2024-11-23T14:38:53","modified_gmt":"2024-11-23T19:38:53","slug":"casco-pro-max-canariam-4","status":"publish","type":"product","link":"https:\/\/cabanadeportiva.com\/?product=casco-pro-max-canariam-4","title":{"rendered":"Casco Pro-Max- Canariam"},"content":{"rendered":"<p>Ligero, multifuncional, ideal para patinaje y ciclismo, Su dise\u00f1o aerodinamico y avanzada estructura garantizan m\u00e1xima proteccci\u00f3n y confort.<\/p>\n<p><strong>MATERIAL<\/strong>: pasta de policarbonato con poliestireno expandido (Icopor)<br \/>\n<strong>TALLAJE<\/strong>: S\/M \u00a054-58 cm<br \/>\n<strong>AJUSTE<\/strong>: sistema de ajuste graduable adicional al sistema de correas<\/p>\n<p>IN MOLD<\/p>\n<p>COLORES: Negro, Gris, Blanco, Negro x Fucsia, Nego x Morado<br \/>\n<strong>ALMOHADILLA<\/strong>: interna en espuma, desmontable y lavable<\/p>\n<p>Fabricado bajo la norma Europea Bs EN 1078<br \/>\nSistema de Ventilaci\u00f3n de 30 orificios<\/p>\n<p>El casco para patinar \u201cPRO MAX\u201d es liviano y multifuncional, puedes usarlo para patinaje como ciclismo. El dise\u00f1o aerodin\u00e1mico y nueva horma, permite la distribuci\u00f3n del impacto, proporcionando<br \/>\nla protecci\u00f3n necesaria<\/p>\n<ul>\n<li>Elaborado en pasta de policarbonato con poliestireno expandido (Icopor)<\/li>\n<li>Fabricado bajo la norma Europea Bs EN 1078<\/li>\n<li>Sistema de Ventilaci\u00f3n de 23 orificios, que permiten la fluidez y paso del viento.<\/li>\n<li>Ajuste: sistema de ajuste graduable adicional al sistema de correas.<\/li>\n<li>Almohadilla interna en espuma, desmontable y lavable.<\/li>\n<\/ul>\n","protected":false},"excerpt":{"rendered":"<p>Ligero, multifuncional, ideal para patinaje y ciclismo, Su dise\u00f1o aerodinamico y avanzada estructura garantizan m\u00e1xima proteccci\u00f3n y confort. MATERIAL: pasta de policarbonato con poliestireno expandido (Icopor) TALLAJE: S\/M \u00a054-58 cm AJUSTE: sistema de ajuste graduable adicional al sistema de correas IN MOLD COLORES: Negro, Gris, Blanco, Negro x Fucsia, Nego x Morado ALMOHADILLA: interna en<\/p>\n<p class=\"link-more\"><a href=\"https:\/\/cabanadeportiva.com\/?product=casco-pro-max-canariam-4\" class=\"more-link\"><span>Leer M\u00e1s<\/span><span class=\"meta-nav\">&#8594;<\/span><\/a><\/p>\n","protected":false},"featured_media":2787,"comment_status":"open","ping_status":"closed","template":"","meta":[],"product_brand":[],"product_cat":[86,84],"product_tag":[],"class_list":{"0":"post-2786","1":"product","2":"type-product","3":"status-publish","4":"has-post-thumbnail","6":"product_cat-cascos","7":"product_cat-patinaje-2","9":"first","10":"instock","11":"sale","12":"shipping-taxable","13":"purchasable","14":"product-type-simple"},"_links":{"self":[{"href":"https:\/\/cabanadeportiva.com\/index.php?rest_route=\/wp\/v2\/product\/2786","targetHints":{"allow":["GET"]}}],"collection":[{"href":"https:\/\/cabanadeportiva.com\/index.php?rest_route=\/wp\/v2\/product"}],"about":[{"href":"https:\/\/cabanadeportiva.com\/index.php?rest_route=\/wp\/v2\/types\/product"}],"replies":[{"embeddable":true,"href":"https:\/\/cabanadeportiva.com\/index.php?rest_route=%2Fwp%2Fv2%2Fcomments&post=2786"}],"wp:featuredmedia":[{"embeddable":true,"href":"https:\/\/cabanadeportiva.com\/index.php?rest_route=\/wp\/v2\/media\/2787"}],"wp:attachment":[{"href":"https:\/\/cabanadeportiva.com\/index.php?rest_route=%2Fwp%2Fv2%2Fmedia&parent=2786"}],"wp:term":[{"taxonomy":"product_brand","embeddable":true,"href":"https:\/\/cabanadeportiva.com\/index.php?rest_route=%2Fwp%2Fv2%2Fproduct_brand&post=2786"},{"taxonomy":"product_cat","embeddable":true,"href":"https:\/\/cabanadeportiva.com\/index.php?rest_route=%2Fwp%2Fv2%2Fproduct_cat&post=2786"},{"taxonomy":"product_tag","embeddable":true,"href":"https:\/\/cabanadeportiva.com\/index.php?rest_route=%2Fwp%2Fv2%2Fproduct_tag&post=2786"}],"curies":[{"name":"wp","href":"https:\/\/api.w.org\/{rel}","templated":true}]}}