{"id":9761,"date":"2025-01-23T17:36:06","date_gmt":"2025-01-23T22:36:06","guid":{"rendered":"https:\/\/cabanadeportiva.com\/?post_type=product&#038;p=9761"},"modified":"2025-07-12T14:02:57","modified_gmt":"2025-07-12T19:02:57","slug":"casco-nova-canariam","status":"publish","type":"product","link":"https:\/\/cabanadeportiva.com\/?product=casco-nova-canariam","title":{"rendered":"Casco Nova Canariam"},"content":{"rendered":"<p><a class=\"sh-anchor\" href=\"https:\/\/www.bing.com\/ck\/a?!&amp;&amp;p=f69762ab552a4e9c849c84608b5a42f77cbded6a24d61a41b2a38f3874e93887JmltdHM9MTczNzU5MDQwMA&amp;ptn=3&amp;ver=2&amp;hsh=4&amp;fclid=001a97a8-2b67-6e41-2289-85842ac86f7f&amp;u=a1aHR0cHM6Ly9jYW5hcmlhbXNob3AuY29tL3Byb2R1Y3RzL2Nhc2NvLW5vdmE&amp;ntb=1\" target=\"_blank\" rel=\"noopener\" data-tg-citations=\"1\" data-tgpsgid=\"d_anstgsen0\">El\u00a0<strong>casco Nova Canariam<\/strong>\u00a0es un\u00a0<strong>casco de seguridad para patinadores<\/strong>\u00a0que combina un dise\u00f1o aerodin\u00e1mico con una horma ergon\u00f3mica que distribuye eficientemente el impacto, brindando la protecci\u00f3n necesaria<\/a>.\u00a0<a class=\"sh-anchor\" href=\"https:\/\/www.bing.com\/ck\/a?!&amp;&amp;p=6fc90b9f4afedaed1d624c1f433fba9dc1d9bbe57704edc59f68ddc30d14724bJmltdHM9MTczNzU5MDQwMA&amp;ptn=3&amp;ver=2&amp;hsh=4&amp;fclid=001a97a8-2b67-6e41-2289-85842ac86f7f&amp;u=a1aHR0cHM6Ly9kZXBvcnRlc3JlZ29sLmNvbS9wcm9kdWN0by9jYXNjby1ub3ZhLWNhbmFyaWFtLw&amp;ntb=1\" target=\"_blank\" rel=\"noopener\" data-tg-citations=\"2\" data-tgpsgid=\"d_anstgsen1\">Es ligero, multifuncional e ideal para patinaje y ciclismo.<\/a><\/p>\n<ul>\n<li>Material: Pasta de policarbonato con poliestireno expandido (Icopor).<\/li>\n<li>Almohadilla: Interna en espuma, desmontable y lavable.<\/li>\n<li>Ventilaci\u00f3n: 18 orificios.<\/li>\n<li>Fabricado bajo la norma Europea Bs EN 1078.<\/li>\n<\/ul>\n<p><strong>TALLAJE:<\/strong><\/p>\n<ul>\n<li>s: 50-54 cm.<\/li>\n<li>m: 54-58 cm.<\/li>\n<\/ul>\n","protected":false},"excerpt":{"rendered":"<p>El\u00a0casco Nova Canariam\u00a0es un\u00a0casco de seguridad para patinadores\u00a0que combina un dise\u00f1o aerodin\u00e1mico con una horma ergon\u00f3mica que distribuye eficientemente el impacto, brindando la protecci\u00f3n necesaria.\u00a0Es ligero, multifuncional e ideal para patinaje y ciclismo. Material: Pasta de policarbonato con poliestireno expandido (Icopor). Almohadilla: Interna en espuma, desmontable y lavable. Ventilaci\u00f3n: 18 orificios. Fabricado bajo la norma<\/p>\n<p class=\"link-more\"><a href=\"https:\/\/cabanadeportiva.com\/?product=casco-nova-canariam\" class=\"more-link\"><span>Leer M\u00e1s<\/span><span class=\"meta-nav\">&#8594;<\/span><\/a><\/p>\n","protected":false},"featured_media":9762,"comment_status":"open","ping_status":"closed","template":"","meta":[],"product_brand":[],"product_cat":[86,84],"product_tag":[],"class_list":{"0":"post-9761","1":"product","2":"type-product","3":"status-publish","4":"has-post-thumbnail","6":"product_cat-cascos","7":"product_cat-patinaje-2","9":"first","10":"instock","11":"sale","12":"shipping-taxable","13":"purchasable","14":"product-type-simple"},"_links":{"self":[{"href":"https:\/\/cabanadeportiva.com\/index.php?rest_route=\/wp\/v2\/product\/9761","targetHints":{"allow":["GET"]}}],"collection":[{"href":"https:\/\/cabanadeportiva.com\/index.php?rest_route=\/wp\/v2\/product"}],"about":[{"href":"https:\/\/cabanadeportiva.com\/index.php?rest_route=\/wp\/v2\/types\/product"}],"replies":[{"embeddable":true,"href":"https:\/\/cabanadeportiva.com\/index.php?rest_route=%2Fwp%2Fv2%2Fcomments&post=9761"}],"wp:featuredmedia":[{"embeddable":true,"href":"https:\/\/cabanadeportiva.com\/index.php?rest_route=\/wp\/v2\/media\/9762"}],"wp:attachment":[{"href":"https:\/\/cabanadeportiva.com\/index.php?rest_route=%2Fwp%2Fv2%2Fmedia&parent=9761"}],"wp:term":[{"taxonomy":"product_brand","embeddable":true,"href":"https:\/\/cabanadeportiva.com\/index.php?rest_route=%2Fwp%2Fv2%2Fproduct_brand&post=9761"},{"taxonomy":"product_cat","embeddable":true,"href":"https:\/\/cabanadeportiva.com\/index.php?rest_route=%2Fwp%2Fv2%2Fproduct_cat&post=9761"},{"taxonomy":"product_tag","embeddable":true,"href":"https:\/\/cabanadeportiva.com\/index.php?rest_route=%2Fwp%2Fv2%2Fproduct_tag&post=9761"}],"curies":[{"name":"wp","href":"https:\/\/api.w.org\/{rel}","templated":true}]}}