{"id":9775,"date":"2025-01-24T10:44:18","date_gmt":"2025-01-24T15:44:18","guid":{"rendered":"https:\/\/cabanadeportiva.com\/?post_type=product&#038;p=9775"},"modified":"2025-01-24T10:45:08","modified_gmt":"2025-01-24T15:45:08","slug":"casco-cosmic-canariam-2","status":"publish","type":"product","link":"https:\/\/cabanadeportiva.com\/?product=casco-cosmic-canariam-2","title":{"rendered":"Casco Cosmic Canariam"},"content":{"rendered":"<p><strong>Casco de seguridad para patinadores,\u00a0<\/strong>combina un dise\u00f1o aerodin\u00e1mico con una horma ergon\u00f3mica que distribuye eficientemente el impacto, brindando la protecci\u00f3n necesaria.<\/p>\n<p>Alta resistencia, ventilaci\u00f3n avanzada, dise\u00f1o vanguardista, material de alta calidad, colores vibrantes, ajuste ergon\u00f3mico<\/p>\n<p>El uso del casco es una medida de seguridad pasiva y es obligatorio para ingresar a la pista.<\/p>\n<p>Fabricado bajo la norma Europea Bs EN 1078<br \/>\n<strong>IN MOLD\u00a0<\/strong>Vulcanizado en una sola pieza<\/p>\n<p><strong>CARACTER\u00cdSTICAS DEL PRODUCTO:<\/strong><\/p>\n<ul>\n<li><strong>PESO<\/strong>: 230 grs.<\/li>\n<li><strong>CANTIDAD DE PIEZAS<\/strong>: 1 (Una) Pieza.<\/li>\n<li><strong>VOLUMEN POR UNIDAD<\/strong>: 255 x 205 x 151 mm.<\/li>\n<\/ul>\n<p><strong>MATERIAL, COMPOSICI\u00d3N, ESPECIFICACI\u00d3N, %:<\/strong><\/p>\n<p>100% EPS &#8211; 100%PC EPS (Poliestireno expandido de alta densidad), revestimiento en policarbonato, sistema de ajuste graduable de retenci\u00f3n posterior avanzada elaborado en nylon, almohadillas interiores termoselladas elaboradas en nylon, desmontables y lavables.\u00a0 Este casco est\u00e1 elaborado con la norma EN1078:2012+A1:2012 para demostrar la conformidad con el reglamento Eu 2016\/425 respectivamente. Este casco est\u00e1 elaborado con la norma EN1078:2012+A1:2012 para demostrar la conformidad con el reglamento Eu 2016\/425 respectivamente<\/p>\n<p><strong>TALLAJE:<\/strong><\/p>\n<p>S: 42-48 cm<\/p>\n","protected":false},"excerpt":{"rendered":"<p>Casco de seguridad para patinadores,\u00a0combina un dise\u00f1o aerodin\u00e1mico con una horma ergon\u00f3mica que distribuye eficientemente el impacto, brindando la protecci\u00f3n necesaria. Alta resistencia, ventilaci\u00f3n avanzada, dise\u00f1o vanguardista, material de alta calidad, colores vibrantes, ajuste ergon\u00f3mico El uso del casco es una medida de seguridad pasiva y es obligatorio para ingresar a la pista. Fabricado bajo<\/p>\n<p class=\"link-more\"><a href=\"https:\/\/cabanadeportiva.com\/?product=casco-cosmic-canariam-2\" class=\"more-link\"><span>Leer M\u00e1s<\/span><span class=\"meta-nav\">&#8594;<\/span><\/a><\/p>\n","protected":false},"featured_media":9776,"comment_status":"open","ping_status":"closed","template":"","meta":[],"product_brand":[],"product_cat":[86,84],"product_tag":[],"class_list":{"0":"post-9775","1":"product","2":"type-product","3":"status-publish","4":"has-post-thumbnail","6":"product_cat-cascos","7":"product_cat-patinaje-2","9":"first","10":"instock","11":"sale","12":"shipping-taxable","13":"purchasable","14":"product-type-simple"},"_links":{"self":[{"href":"https:\/\/cabanadeportiva.com\/index.php?rest_route=\/wp\/v2\/product\/9775","targetHints":{"allow":["GET"]}}],"collection":[{"href":"https:\/\/cabanadeportiva.com\/index.php?rest_route=\/wp\/v2\/product"}],"about":[{"href":"https:\/\/cabanadeportiva.com\/index.php?rest_route=\/wp\/v2\/types\/product"}],"replies":[{"embeddable":true,"href":"https:\/\/cabanadeportiva.com\/index.php?rest_route=%2Fwp%2Fv2%2Fcomments&post=9775"}],"wp:featuredmedia":[{"embeddable":true,"href":"https:\/\/cabanadeportiva.com\/index.php?rest_route=\/wp\/v2\/media\/9776"}],"wp:attachment":[{"href":"https:\/\/cabanadeportiva.com\/index.php?rest_route=%2Fwp%2Fv2%2Fmedia&parent=9775"}],"wp:term":[{"taxonomy":"product_brand","embeddable":true,"href":"https:\/\/cabanadeportiva.com\/index.php?rest_route=%2Fwp%2Fv2%2Fproduct_brand&post=9775"},{"taxonomy":"product_cat","embeddable":true,"href":"https:\/\/cabanadeportiva.com\/index.php?rest_route=%2Fwp%2Fv2%2Fproduct_cat&post=9775"},{"taxonomy":"product_tag","embeddable":true,"href":"https:\/\/cabanadeportiva.com\/index.php?rest_route=%2Fwp%2Fv2%2Fproduct_tag&post=9775"}],"curies":[{"name":"wp","href":"https:\/\/api.w.org\/{rel}","templated":true}]}}