{"id":9972,"date":"2026-04-24T17:20:39","date_gmt":"2026-04-24T22:20:39","guid":{"rendered":"https:\/\/cabanadeportiva.com\/?post_type=product&#038;p=9972"},"modified":"2026-04-24T17:20:39","modified_gmt":"2026-04-24T22:20:39","slug":"bolso-triangulo-de-patinaje-rojo","status":"publish","type":"product","link":"https:\/\/cabanadeportiva.com\/?product=bolso-triangulo-de-patinaje-rojo","title":{"rendered":"BOLSO TRIANGULO DE PATINAJE ROJO"},"content":{"rendered":"<p>Los bolsos en lona para patinaje son accesorios duraderos y funcionales dise\u00f1ados para transportar patines, cascos y protecciones. Fabricados generalmente en lona poli\u00e9ster ultrarresistente, incluyen compartimentos acolchados, mallas para ventilaci\u00f3n, correas ajustables y estructuras reforzadas para mayor comodidad. Ideales para proteger el equipo y mantener el orden gracias a sus m\u00faltiples bolsillos.<br \/>\nCaracter\u00edsticas Principales:<br \/>\nMaterial: Lona poli\u00e9ster de alta resistencia, que ofrece durabilidad y protecci\u00f3n contra el desgaste.<\/p>\n","protected":false},"excerpt":{"rendered":"<p>Los bolsos en lona para patinaje son accesorios duraderos y funcionales dise\u00f1ados para transportar patines, cascos y protecciones. Fabricados generalmente en lona poli\u00e9ster ultrarresistente, incluyen compartimentos acolchados, mallas para ventilaci\u00f3n, correas ajustables y estructuras reforzadas para mayor comodidad. Ideales para proteger el equipo y mantener el orden gracias a sus m\u00faltiples bolsillos. Caracter\u00edsticas Principales: Material:<\/p>\n<p class=\"link-more\"><a href=\"https:\/\/cabanadeportiva.com\/?product=bolso-triangulo-de-patinaje-rojo\" class=\"more-link\"><span>Leer M\u00e1s<\/span><span class=\"meta-nav\">&#8594;<\/span><\/a><\/p>\n","protected":false},"featured_media":9973,"comment_status":"open","ping_status":"closed","template":"","meta":[],"product_brand":[],"product_cat":[140],"product_tag":[],"class_list":{"0":"post-9972","1":"product","2":"type-product","3":"status-publish","4":"has-post-thumbnail","6":"product_cat-bolso-patinaje-triangulo","7":"yith_product_brand-canariam","9":"first","10":"instock","11":"sale","12":"shipping-taxable","13":"purchasable","14":"product-type-simple"},"_links":{"self":[{"href":"https:\/\/cabanadeportiva.com\/index.php?rest_route=\/wp\/v2\/product\/9972","targetHints":{"allow":["GET"]}}],"collection":[{"href":"https:\/\/cabanadeportiva.com\/index.php?rest_route=\/wp\/v2\/product"}],"about":[{"href":"https:\/\/cabanadeportiva.com\/index.php?rest_route=\/wp\/v2\/types\/product"}],"replies":[{"embeddable":true,"href":"https:\/\/cabanadeportiva.com\/index.php?rest_route=%2Fwp%2Fv2%2Fcomments&post=9972"}],"wp:featuredmedia":[{"embeddable":true,"href":"https:\/\/cabanadeportiva.com\/index.php?rest_route=\/wp\/v2\/media\/9973"}],"wp:attachment":[{"href":"https:\/\/cabanadeportiva.com\/index.php?rest_route=%2Fwp%2Fv2%2Fmedia&parent=9972"}],"wp:term":[{"taxonomy":"product_brand","embeddable":true,"href":"https:\/\/cabanadeportiva.com\/index.php?rest_route=%2Fwp%2Fv2%2Fproduct_brand&post=9972"},{"taxonomy":"product_cat","embeddable":true,"href":"https:\/\/cabanadeportiva.com\/index.php?rest_route=%2Fwp%2Fv2%2Fproduct_cat&post=9972"},{"taxonomy":"product_tag","embeddable":true,"href":"https:\/\/cabanadeportiva.com\/index.php?rest_route=%2Fwp%2Fv2%2Fproduct_tag&post=9972"}],"curies":[{"name":"wp","href":"https:\/\/api.w.org\/{rel}","templated":true}]}}