{"id":9984,"date":"2026-04-27T17:17:12","date_gmt":"2026-04-27T22:17:12","guid":{"rendered":"https:\/\/cabanadeportiva.com\/?post_type=product&#038;p=9984"},"modified":"2026-04-27T17:19:59","modified_gmt":"2026-04-27T22:19:59","slug":"bolso-canariam-air-bag","status":"publish","type":"product","link":"https:\/\/cabanadeportiva.com\/?product=bolso-canariam-air-bag","title":{"rendered":"BOLSO CANARIAM AIR BAG"},"content":{"rendered":"<p>Elaborado en Lona Poliester ultrarresistente, malla (En PVC) en la parte trasera para separar la espalda del morral y as\u00ed permitir la circulaci\u00f3n del aire entre ambos; refuerzo en estructura met\u00e1lica y dise\u00f1o ergon\u00f3mico.<\/p>\n<p>Cremalleras de Nylon<br \/>\nBuckles en P.V.C.<br \/>\nMalla<br \/>\nReata<br \/>\nAcolchados estrat\u00e9gicos.<br \/>\nPorta patines laterales con correas y buckles de seguridad para sujetar los patines.<br \/>\nEl malet\u00edn para patines \u201cAir Bag\u201d est\u00e1 dise\u00f1ado con espaldar ergon\u00f3mico para protegerte de malas posturas ocasionadas por el peso y uso constante, mejora tu comodidad.<\/p>\n","protected":false},"excerpt":{"rendered":"<p>Elaborado en Lona Poliester ultrarresistente, malla (En PVC) en la parte trasera para separar la espalda del morral y as\u00ed permitir la circulaci\u00f3n del aire entre ambos; refuerzo en estructura met\u00e1lica y dise\u00f1o ergon\u00f3mico. Cremalleras de Nylon Buckles en P.V.C. Malla Reata Acolchados estrat\u00e9gicos. Porta patines laterales con correas y buckles de seguridad para sujetar<\/p>\n<p class=\"link-more\"><a href=\"https:\/\/cabanadeportiva.com\/?product=bolso-canariam-air-bag\" class=\"more-link\"><span>Leer M\u00e1s<\/span><span class=\"meta-nav\">&#8594;<\/span><\/a><\/p>\n","protected":false},"featured_media":9985,"comment_status":"open","ping_status":"closed","template":"","meta":[],"product_brand":[],"product_cat":[141,134],"product_tag":[],"class_list":{"0":"post-9984","1":"product","2":"type-product","3":"status-publish","4":"has-post-thumbnail","6":"product_cat-bolsos-air-bag","7":"product_cat-bolsos-de-patinaje","8":"yith_product_brand-canariam","10":"first","11":"instock","12":"sale","13":"shipping-taxable","14":"purchasable","15":"product-type-simple"},"_links":{"self":[{"href":"https:\/\/cabanadeportiva.com\/index.php?rest_route=\/wp\/v2\/product\/9984","targetHints":{"allow":["GET"]}}],"collection":[{"href":"https:\/\/cabanadeportiva.com\/index.php?rest_route=\/wp\/v2\/product"}],"about":[{"href":"https:\/\/cabanadeportiva.com\/index.php?rest_route=\/wp\/v2\/types\/product"}],"replies":[{"embeddable":true,"href":"https:\/\/cabanadeportiva.com\/index.php?rest_route=%2Fwp%2Fv2%2Fcomments&post=9984"}],"wp:featuredmedia":[{"embeddable":true,"href":"https:\/\/cabanadeportiva.com\/index.php?rest_route=\/wp\/v2\/media\/9985"}],"wp:attachment":[{"href":"https:\/\/cabanadeportiva.com\/index.php?rest_route=%2Fwp%2Fv2%2Fmedia&parent=9984"}],"wp:term":[{"taxonomy":"product_brand","embeddable":true,"href":"https:\/\/cabanadeportiva.com\/index.php?rest_route=%2Fwp%2Fv2%2Fproduct_brand&post=9984"},{"taxonomy":"product_cat","embeddable":true,"href":"https:\/\/cabanadeportiva.com\/index.php?rest_route=%2Fwp%2Fv2%2Fproduct_cat&post=9984"},{"taxonomy":"product_tag","embeddable":true,"href":"https:\/\/cabanadeportiva.com\/index.php?rest_route=%2Fwp%2Fv2%2Fproduct_tag&post=9984"}],"curies":[{"name":"wp","href":"https:\/\/api.w.org\/{rel}","templated":true}]}}